{"id":18094,"date":"2026-02-14T12:51:54","date_gmt":"2026-02-14T12:51:54","guid":{"rendered":"https:\/\/smilecenterturkey.com\/?page_id=18094"},"modified":"2026-03-21T21:09:34","modified_gmt":"2026-03-21T21:09:34","slug":"cookie-richtlinie","status":"publish","type":"page","link":"https:\/\/smilecenterturkey.com\/de\/cookie-richtlinie\/","title":{"rendered":"Cookie-Richtlinie"},"content":{"rendered":"<div data-elementor-type=\"wp-page\" data-elementor-id=\"18094\" class=\"elementor elementor-18094\" data-elementor-post-type=\"page\">\n\t\t\t\t<div class=\"elementor-element elementor-element-65f827f e-con-full e-flex e-con e-parent\" data-id=\"65f827f\" data-element_type=\"container\" data-e-type=\"container\">\n\t\t<div class=\"elementor-element elementor-element-f09522e e-con-full e-flex e-con e-child\" data-id=\"f09522e\" data-element_type=\"container\" data-e-type=\"container\" data-settings=\"{&quot;background_background&quot;:&quot;classic&quot;}\">\n\t\t\t\t<div class=\"elementor-element elementor-element-c06aa5a elementor-widget__width-auto elementor-widget elementor-widget-html\" data-id=\"c06aa5a\" data-element_type=\"widget\" data-e-type=\"widget\" data-widget_type=\"html.default\">\n\t\t\t\t\t<svg width=\"30\" height=\"33\" viewbox=\"0 0 30 33\" fill=\"none\" xmlns=\"http:\/\/www.w3.org\/2000\/svg\">\n                    <path fill-rule=\"evenodd\" clip-rule=\"evenodd\" d=\"M14.9598 0.55499C12.9042 13.5398 0 17.2086 0 17.2086C4.72563 17.2086 14.0018 21.9193 14.9598 30.6203V32.0982C14.9598 31.7427 14.9734 31.3932 15 31.0497C15.0266 31.3932 15.0402 31.7427 15.0402 32.0982V30.6203C15.9982 21.9193 25.2744 17.2086 30 17.2086C30 17.2086 17.0958 13.5398 15.0402 0.55499V0C15.0274 0.0972397 15.014 0.193973 15 0.290203C14.986 0.193973 14.9726 0.0972397 14.9598 0V0.55499Z\" fill=\"#fff\"><\/path>\n                <\/svg>\t\t\t\t<\/div>\n\t\t\t\t<div class=\"elementor-element elementor-element-0291c26 elementor-widget-divider--view-line_text elementor-widget-divider--element-align-center elementor-widget elementor-widget-divider\" data-id=\"0291c26\" data-element_type=\"widget\" data-e-type=\"widget\" data-widget_type=\"divider.default\">\n\t\t\t\t\t\t\t<div class=\"elementor-divider\">\n\t\t\t<span class=\"elementor-divider-separator\">\n\t\t\t\t\t\t\t<h6 class=\"elementor-divider__text elementor-divider__element\">\n\t\t\t\tSmile Center T\u00fcrkei\t\t\t\t<\/h6>\n\t\t\t\t\t\t<\/span>\n\t\t<\/div>\n\t\t\t\t\t\t<\/div>\n\t\t\t\t<div class=\"elementor-element elementor-element-2d5bb3d elementor-widget elementor-widget-heading\" data-id=\"2d5bb3d\" data-element_type=\"widget\" data-e-type=\"widget\" data-widget_type=\"heading.default\">\n\t\t\t\t\t<h1 class=\"elementor-heading-title elementor-size-default\">Cookie-Richtlinie<\/h1>\t\t\t\t<\/div>\n\t\t\t\t<\/div>\n\t\t\t\t<\/div>\n\t\t<div class=\"elementor-element elementor-element-a902a2c e-con-full e-flex e-con e-parent\" data-id=\"a902a2c\" data-element_type=\"container\" data-e-type=\"container\">\n\t\t\t\t<div class=\"elementor-element elementor-element-3e5aff1 elementor-widget__width-initial elementor-widget elementor-widget-html\" data-id=\"3e5aff1\" data-element_type=\"widget\" data-e-type=\"widget\" data-widget_type=\"html.default\">\n\t\t\t\t\t\n<style>\nhtml,\nbody {\n  margin: 0;\n  padding: 0;\n  overflow-x: hidden;\n}\n\n#sct,\n#sct * {\n  box-sizing: border-box;\n  min-width: 0;\n}\n\n#sct {\n  --pad: calc(1.5cm \/ 2);\n  --read: 900px;\n  --ink: #0b1220;\n  --muted: #5c667d;\n  --line: #e9eef5;\n  --brand: #0b6efd;\n  --brand-ink: #0a4fbf;\n  --soft: #f7fbff;\n  --warn-bg: #fff8e8;\n  --warn-line: #ffd27a;\n\n  width: 100%;\n  max-width: var(--read);\n  margin-left: 0;\n  margin-right: auto;\n  padding-left: max(var(--pad), env(safe-area-inset-left, 0px));\n  padding-right: max(var(--pad), env(safe-area-inset-right, 0px));\n  color: var(--ink);\n  font: clamp(16px, 3.6vw, 17.5px)\/1.8 \"Raleway\", system-ui, -apple-system, \"Segoe UI\", Roboto, Arial, sans-serif;\n  text-align: left;\n  overflow-wrap: break-word;\n}\n\n.entry-content #sct,\n.wp-block-post-content #sct,\n.post-inner #sct,\n.elementor-widget-container #sct {\n  width: 100% !important;\n  max-width: var(--read) !important;\n  margin-left: 0 !important;\n  margin-right: auto !important;\n}\n\n@media (max-width: 1024px) {\n  .entry-content,\n  .wp-block-post-content,\n  .post-inner,\n  .container,\n  .site-content,\n  .content-area,\n  .site-main {\n    max-width: 100% !important;\n    width: 100% !important;\n    margin: 0 !important;\n    padding-left: 0 !important;\n    padding-right: 0 !important;\n  }\n\n  #sct {\n    width: 100% !important;\n    max-width: 100% !important;\n    margin-left: 0 !important;\n    margin-right: 0 !important;\n    padding-left: max(5px, env(safe-area-inset-left, 0px)) !important;\n    padding-right: max(5px, env(safe-area-inset-right, 0px)) !important;\n  }\n}\n\n#sct header {\n  margin-top: 0.85rem;\n}\n\n#sct h1 {\n  font: 800 clamp(30px, 6.8vw, 38px)\/1.16 \"Raleway\", system-ui, sans-serif;\n  margin: 0.7rem 0 0.6rem;\n  letter-spacing: -0.02em;\n}\n\n#sct h2 {\n  font: 800 clamp(22px, 4.8vw, 28px)\/1.22 \"Raleway\", system-ui, sans-serif;\n  margin: 1.4rem 0 0.65rem;\n}\n\n#sct h3 {\n  font: 700 clamp(17px, 4vw, 20px)\/1.3 \"Raleway\", system-ui, sans-serif;\n  margin: 1rem 0 0.45rem;\n}\n\n#sct p {\n  margin: 0.72rem 0;\n}\n\n#sct ul,\n#sct ol {\n  margin: 0.52rem 0 0.95rem;\n  padding: 0 0 0 1.15rem;\n}\n\n#sct li {\n  margin: 0.24rem 0;\n}\n\n#sct a {\n  color: var(--brand-ink);\n  text-underline-offset: 2px;\n}\n\n#sct .eyebrow {\n  display: inline-block;\n  background: #eef5ff;\n  border: 1px solid #d7e6ff;\n  border-radius: 999px;\n  padding: 6px 10px;\n  font: 600 12px\/1 \"Raleway\", system-ui;\n  letter-spacing: 0.55px;\n  text-transform: uppercase;\n  color: var(--brand-ink);\n  margin: 0.35rem 0;\n}\n\n#sct .lead {\n  color: var(--muted);\n}\n\n#sct .updated {\n  display: inline-flex;\n  gap: 0.55rem;\n  align-items: center;\n  font: 600 12.5px\/1.2 system-ui;\n  color: var(--brand);\n  background: #eef5ff;\n  border: 1px solid #d7e6ff;\n  padding: 7px 11px;\n  border-radius: 12px;\n  margin: 0.4rem 0 1rem;\n}\n\n#sct .updated .dot {\n  width: 8px;\n  height: 8px;\n  border-radius: 50%;\n  background: var(--brand);\n  display: inline-block;\n}\n\n#sct .note {\n  background: var(--soft);\n  border: 1px dashed #cfe0ff;\n  border-radius: 12px;\n  padding: 12px 14px;\n  color: #213457;\n  margin: 12px 0;\n}\n\n#sct .warn {\n  background: var(--warn-bg);\n  border: 1px solid var(--warn-line);\n  border-radius: 12px;\n  padding: 12px 14px;\n  margin: 12px 0;\n}\n\n#sct .toc {\n  background: #fbfdff;\n  border: 1px solid var(--line);\n  border-radius: 12px;\n  padding: 12px 14px;\n  margin: 12px 0;\n}\n\n#sct .toc ol {\n  margin: 0.4rem 0 0;\n}\n\n#sct .table-wrap {\n  width: 100%;\n  overflow-x: auto;\n  border: 1px solid var(--line);\n  border-radius: 12px;\n  margin: 0.95rem 0 1.1rem;\n  background: #fff;\n}\n\n#sct table {\n  width: 100%;\n  border-collapse: collapse;\n  min-width: 720px;\n}\n\n#sct th,\n#sct td {\n  text-align: left;\n  vertical-align: top;\n  padding: 10px 12px;\n  border-bottom: 1px solid #eef2f7;\n  font-size: 15px;\n  line-height: 1.55;\n}\n\n#sct th {\n  background: #f7fbff;\n  color: #203252;\n  font-weight: 700;\n}\n\n#sct tbody tr:last-child td {\n  border-bottom: 0;\n}\n<\/style>\n\n<main id=\"sct\" role=\"main\" aria-label=\"Cookie-Richtlinie f\u00fcr Smile Center T\u00fcrkei\">\n  <header>\n    <span class=\"eyebrow\">Rechtliches<\/span>\n    <p class=\"lead\">Diese Cookie-Richtlinie erkl\u00e4rt, wie Smile Center Turkey Cookies und \u00e4hnliche Technologien auf folgenden Seiten verwendet <a href=\"https:\/\/smilecenterturkey.com\/de\/\">smilecenterturkey.com<\/a>, und wie Sie sie kontrollieren k\u00f6nnen.<\/p>\n    <div class=\"updated\"><span class=\"dot\"><\/span><span>Last updated: 22 March 2026<\/span><\/div>\n  <\/header>\n\n  <section class=\"toc\" aria-label=\"Inhalt der Cookie-Richtlinie\">\n    <strong>Inhalt<\/strong>\n    <ol>\n      <li><a href=\"#who-we-are\">Wer wir sind<\/a><\/li>\n      <li><a href=\"#what-are-cookies\">Was Cookies sind<\/a><\/li>\n      <li><a href=\"#cookie-categories\">Von uns verwendete Cookie-Kategorien<\/a><\/li>\n      <li><a href=\"#cookie-list\">Keksliste (indikativ)<\/a><\/li>\n      <li><a href=\"#manage-cookies\">Wie man Cookies verwaltet<\/a><\/li>\n      <li><a href=\"#legal-basis\">Rechtsgrundlage<\/a><\/li>\n      <li><a href=\"#transfers\">Internationale Daten\u00fcbermittlung<\/a><\/li>\n      <li><a href=\"#updates\">\u00c4nderungen an dieser Politik<\/a><\/li>\n      <li><a href=\"#contact\">Kontakt<\/a><\/li>\n    <\/ol>\n  <\/section>\n\n  <section id=\"who-we-are\">\n    <h2>1. Wer wir sind<\/h2>\n    <p>Smile Center Turkey bietet zahn\u00e4rztliche Dienstleistungen f\u00fcr lokale und internationale Patienten an. Diese Richtlinie gilt f\u00fcr Informationen, die \u00fcber unsere Website unter <a href=\"https:\/\/smilecenterturkey.com\/de\/\">smilecenterturkey.com<\/a>.<\/p>\n    <p>F\u00fcr Details zu personenbezogenen Daten, die \u00fcber Cookies hinausgehen, lesen Sie bitte unsere <a href=\"https:\/\/smilecenterturkey.com\/de\/datenschutzbestimmungen\/\">Datenschutzerkl\u00e4rung<\/a>.<\/p>\n  <\/section>\n\n  <section id=\"what-are-cookies\">\n    <h2>2. Was sind Cookies?<\/h2>\n    <p>Cookies sind kleine Textdateien, die auf Ihrem Ger\u00e4t gespeichert werden, wenn Sie eine Website besuchen. Sie helfen Websites, korrekt zu funktionieren, verbessern die Sicherheit, speichern Pr\u00e4ferenzen und liefern Analysen \u00fcber die Leistung der Website.<\/p>\n    <p>Wir k\u00f6nnen auch \u00e4hnliche Technologien (wie lokale Speicherung und Pixel) f\u00fcr vergleichbare Zwecke verwenden.<\/p>\n  <\/section>\n\n  <section id=\"cookie-categories\">\n    <h2>3. Von uns verwendete Cookie-Kategorien<\/h2>\n    <h3>Streng notwendige Cookies<\/h3>\n    <p>Diese Cookies sind f\u00fcr Kernfunktionen der Website, wie Sicherheit, Lastausgleich und Speicherung von Einwilligungen, unerl\u00e4sslich. Sie bed\u00fcrfen nach den geltenden Vorschriften keiner Zustimmung, wenn sie unbedingt erforderlich sind.<\/p>\n\n    <h3>Analyse-Cookies<\/h3>\n    <p>Diese Cookies helfen uns zu verstehen, wie Besucher unsere Website nutzen, damit wir Inhalt, Navigation und Leistung verbessern k\u00f6nnen. Wir setzen nur dann nicht-essentielle Analyse-Cookies, wenn die erforderliche Zustimmung erteilt wurde.<\/p>\n\n    <h3>Funktionale Cookies<\/h3>\n    <p>Diese Cookies speichern Ihre Pr\u00e4ferenzen (z. B. Sprache oder Region), um eine einheitlichere Benutzererfahrung zu gew\u00e4hrleisten.<\/p>\n\n    <h3>Werbe-Cookies<\/h3>\n    <p>Wenn sie aktiviert sind, k\u00f6nnen diese Cookies von Marketingplattformen verwendet werden, um die Wirksamkeit von Kampagnen zu messen und relevantere Werbung zu liefern. Sie sind optional und bed\u00fcrfen der Zustimmung, sofern dies gesetzlich vorgeschrieben ist.<\/p>\n  <\/section>\n\n  <section id=\"cookie-list\">\n    <h2>4. Cookie-Liste (indikativ)<\/h2>\n    <p>Die genauen Cookies k\u00f6nnen sich im Laufe der Zeit \u00e4ndern, da die Website-Tools aktualisiert werden. Die aktuellste Ansicht ist immer \u00fcber unser Cookie-Banner oder das Einstellungszentrum verf\u00fcgbar.<\/p>\n\n    <div class=\"table-wrap\" role=\"region\" aria-label=\"Vorl\u00e4ufige Cookie-Liste\">\n      <table>\n        <thead>\n          <tr>\n            <th>Cookie-Name<\/th>\n            <th>Anbieter<\/th>\n            <th>Zweck<\/th>\n            <th>Kategorie<\/th>\n            <th>Typische Dauer<\/th>\n          <\/tr>\n        <\/thead>\n        <tbody>\n          <tr>\n            <td>cookie_zustimmung<\/td>\n            <td>smilecenterturkey.com<\/td>\n            <td>Speichert die Zustimmung des Benutzers zu Cookies.<\/td>\n            <td>Streng notwendig<\/td>\n            <td>bis zu 6 Monate<\/td>\n          <\/tr>\n          <tr>\n            <td>__cf_bm \/ _cfuvid<\/td>\n            <td>Cloudflare<\/td>\n            <td>Bot-Schutz, Verkehrsmanagement und Standortsicherheit.<\/td>\n            <td>Streng notwendig<\/td>\n            <td>Sitzung bis 30 Minuten<\/td>\n          <\/tr>\n          <tr>\n            <td>_ga \/ _ga_*<\/td>\n            <td>Google Analytics<\/td>\n            <td>Unterscheidet Nutzer und misst die Nutzung der Website.<\/td>\n            <td>Analytik<\/td>\n            <td>bis zu 2 Jahren<\/td>\n          <\/tr>\n          <tr>\n            <td>_gid<\/td>\n            <td>Google Analytics<\/td>\n            <td>Speichert und aktualisiert einen eindeutigen Wert f\u00fcr jede besuchte Seite.<\/td>\n            <td>Analytik<\/td>\n            <td>bis zu 24 Stunden<\/td>\n          <\/tr>\n          <tr>\n            <td>wp-wpml_current_language (falls verwendet)<\/td>\n            <td>smilecenterturkey.com<\/td>\n            <td>Speichert die gew\u00e4hlte Spracheinstellung.<\/td>\n            <td>Funktionell<\/td>\n            <td>Sitzung<\/td>\n          <\/tr>\n          <tr>\n            <td>_fbp (falls verwendet)<\/td>\n            <td>Meta<\/td>\n            <td>Hilft bei der Messung von Anzeigenleistung und Zurechnung.<\/td>\n            <td>Werbung<\/td>\n            <td>Bis zu 3 Monate<\/td>\n          <\/tr>\n        <\/tbody>\n      <\/table>\n    <\/div>\n\n    <div class=\"note\">\n      <strong>Das ist wichtig:<\/strong> Cookie-Namen und -Laufzeiten k\u00f6nnen je nach Browser, Ger\u00e4t und aktiven Integrationen variieren.\n    <\/div>\n  <\/section>\n\n  <section id=\"manage-cookies\">\n    <h2>5. Wie man Cookies verwaltet<\/h2>\n    <p>Sie k\u00f6nnen Ihre nicht wesentlichen Cookie-Einstellungen jederzeit \u00fcber unser Cookie-Banner oder den Link \"Cookie-Einstellungen\" auf der Website \u00e4ndern.<\/p>\n    <ul>\n      <li>Alle Cookies akzeptieren<\/li>\n      <li>Unwichtige Cookies ablehnen<\/li>\n      <li>W\u00e4hlen Sie Pr\u00e4ferenzen auf Kategorieebene<\/li>\n      <li>die Zustimmung jederzeit widerrufen oder \u00e4ndern<\/li>\n    <\/ul>\n    <p>Sie k\u00f6nnen Cookies auch in den Einstellungen Ihres Browsers blockieren. Bitte beachten Sie, dass die Blockierung unbedingt notwendiger Cookies die Funktionalit\u00e4t der Website beeintr\u00e4chtigen kann.<\/p>\n    <p>N\u00fctzliche Browser-Anleitungen: <a href=\"https:\/\/support.google.com\/chrome\/answer\/95647\" target=\"_blank\" rel=\"noopener\">Chrom<\/a>, <a href=\"https:\/\/support.mozilla.org\/en-US\/kb\/enhanced-tracking-protection-firefox-desktop\" target=\"_blank\" rel=\"noopener\">Firefox<\/a>, <a href=\"https:\/\/support.apple.com\/en-gb\/guide\/safari\/sfri11471\/mac\" target=\"_blank\" rel=\"noopener\">Safari<\/a>, <a href=\"https:\/\/support.microsoft.com\/en-gb\/microsoft-edge\/delete-cookies-in-microsoft-edge-63947406-40ac-c3b8-57b9-2a946a29ae09\" target=\"_blank\" rel=\"noopener\">Kante<\/a>.<\/p>\n  <\/section>\n\n  <section id=\"legal-basis\">\n    <h2>6. Rechtsgrundlage<\/h2>\n    <p>In den F\u00e4llen, in denen die Vorschriften des Vereinigten K\u00f6nigreichs bzw. der EU Anwendung finden, verarbeiten wir unbedingt erforderliche Cookies auf der Grundlage des berechtigten Interesses an der Bereitstellung einer sicheren, funktionierenden Website. Nicht-essentielle Cookies werden auf der Grundlage Ihrer Zustimmung verarbeitet.<\/p>\n    <p>Je nach Ihrem Standort und der Art und Weise, wie Sie auf unsere Dienste zugreifen, k\u00f6nnen die GDPR des Vereinigten K\u00f6nigreichs, die GDPR der EU und die ePrivacy\/PECR-Anforderungen relevant sein.<\/p>\n  <\/section>\n\n  <section id=\"transfers\">\n    <h2>7. Internationale Daten\u00fcbermittlung<\/h2>\n    <p>Einige Cookie-Anbieter verarbeiten Daten au\u00dferhalb des Landes, in dem Sie wohnen. Wo dies erforderlich ist, wenden wir angemessene Schutzma\u00dfnahmen nach geltendem Datenschutzrecht an, wie z. B. vertragliche Garantien und Mechanismen zur Einhaltung der Vorschriften durch die Anbieter.<\/p>\n  <\/section>\n\n  <section id=\"updates\">\n    <h2>8. \u00c4nderungen an dieser Politik<\/h2>\n    <p>Wir k\u00f6nnen diese Cookie-Richtlinie von Zeit zu Zeit aktualisieren, um rechtlichen \u00c4nderungen, technischen Aktualisierungen oder \u00c4nderungen an unseren Dienstleistungen Rechnung zu tragen. Die neueste Version wird immer auf dieser Seite ver\u00f6ffentlicht, wobei das Aktualisierungsdatum am oberen Rand angezeigt wird.<\/p>\n  <\/section>\n\n  <section id=\"contact\">\n    <h2>9. Kontakt<\/h2>\n    <p>Wenn Sie Fragen zu dieser Cookie-Richtlinie oder zu Ihren Datenschutzoptionen haben, kontaktieren Sie uns bitte \u00fcber <a href=\"https:\/\/smilecenterturkey.com\/de\/kontakt\/\">unsere Kontaktseite<\/a>.<\/p>\n    <div class=\"warn\">\n      Bei dieser Seite handelt es sich um eine praktische Vorlage f\u00fcr eine Richtlinie, die sich an den gemeinsamen Cookie-Anforderungen des Vereinigten K\u00f6nigreichs und der EU orientiert. F\u00fcr eine formale rechtliche Validierung, die speziell f\u00fcr Ihren Betrieb gilt, holen Sie vor der Ver\u00f6ffentlichung eine rechtliche Pr\u00fcfung ein.\n    <\/div>\n  <\/section>\n<\/main>\n\t\t\t\t<\/div>\n\t\t\t\t<\/div>\n\t\t\t\t<\/div>","protected":false},"excerpt":{"rendered":"<p>Smile Center Turkey Cookie Policy Legal This Cookie Policy explains how Smile Center Turkey uses cookies and similar technologies on [&hellip;]<\/p>\n","protected":false},"author":6,"featured_media":0,"parent":0,"menu_order":0,"comment_status":"closed","ping_status":"closed","template":"","meta":{"site-sidebar-layout":"no-sidebar","site-content-layout":"","ast-site-content-layout":"full-width-container","site-content-style":"default","site-sidebar-style":"default","ast-global-header-display":"","ast-banner-title-visibility":"","ast-main-header-display":"","ast-hfb-above-header-display":"","ast-hfb-below-header-display":"","ast-hfb-mobile-header-display":"","site-post-title":"disabled","ast-breadcrumbs-content":"","ast-featured-img":"","footer-sml-layout":"","ast-disable-related-posts":"","theme-transparent-header-meta":"default","adv-header-id-meta":"","stick-header-meta":"","header-above-stick-meta":"","header-main-stick-meta":"","header-below-stick-meta":"","astra-migrate-meta-layouts":"set","ast-page-background-enabled":"default","ast-page-background-meta":{"desktop":{"background-color":"var(--ast-global-color-5)","background-image":"","background-repeat":"repeat","background-position":"center center","background-size":"auto","background-attachment":"scroll","background-type":"","background-media":"","overlay-type":"","overlay-color":"","overlay-opacity":"","overlay-gradient":""},"tablet":{"background-color":"","background-image":"","background-repeat":"repeat","background-position":"center center","background-size":"auto","background-attachment":"scroll","background-type":"","background-media":"","overlay-type":"","overlay-color":"","overlay-opacity":"","overlay-gradient":""},"mobile":{"background-color":"","background-image":"","background-repeat":"repeat","background-position":"center center","background-size":"auto","background-attachment":"scroll","background-type":"","background-media":"","overlay-type":"","overlay-color":"","overlay-opacity":"","overlay-gradient":""}},"ast-content-background-meta":{"desktop":{"background-color":"var(--ast-global-color-4)","background-image":"","background-repeat":"repeat","background-position":"center center","background-size":"auto","background-attachment":"scroll","background-type":"","background-media":"","overlay-type":"","overlay-color":"","overlay-opacity":"","overlay-gradient":""},"tablet":{"background-color":"var(--ast-global-color-4)","background-image":"","background-repeat":"repeat","background-position":"center center","background-size":"auto","background-attachment":"scroll","background-type":"","background-media":"","overlay-type":"","overlay-color":"","overlay-opacity":"","overlay-gradient":""},"mobile":{"background-color":"var(--ast-global-color-4)","background-image":"","background-repeat":"repeat","background-position":"center center","background-size":"auto","background-attachment":"scroll","background-type":"","background-media":"","overlay-type":"","overlay-color":"","overlay-opacity":"","overlay-gradient":""}},"footnotes":""},"tags":[],"class_list":["post-18094","page","type-page","status-publish","hentry"],"_links":{"self":[{"href":"https:\/\/smilecenterturkey.com\/de\/wp-json\/wp\/v2\/pages\/18094","targetHints":{"allow":["GET"]}}],"collection":[{"href":"https:\/\/smilecenterturkey.com\/de\/wp-json\/wp\/v2\/pages"}],"about":[{"href":"https:\/\/smilecenterturkey.com\/de\/wp-json\/wp\/v2\/types\/page"}],"author":[{"embeddable":true,"href":"https:\/\/smilecenterturkey.com\/de\/wp-json\/wp\/v2\/users\/6"}],"replies":[{"embeddable":true,"href":"https:\/\/smilecenterturkey.com\/de\/wp-json\/wp\/v2\/comments?post=18094"}],"version-history":[{"count":19,"href":"https:\/\/smilecenterturkey.com\/de\/wp-json\/wp\/v2\/pages\/18094\/revisions"}],"predecessor-version":[{"id":19326,"href":"https:\/\/smilecenterturkey.com\/de\/wp-json\/wp\/v2\/pages\/18094\/revisions\/19326"}],"wp:attachment":[{"href":"https:\/\/smilecenterturkey.com\/de\/wp-json\/wp\/v2\/media?parent=18094"}],"wp:term":[{"taxonomy":"post_tag","embeddable":true,"href":"https:\/\/smilecenterturkey.com\/de\/wp-json\/wp\/v2\/tags?post=18094"}],"curies":[{"name":"wp","href":"https:\/\/api.w.org\/{rel}","templated":true}]}}