{"id":7184,"date":"2025-06-17T10:04:30","date_gmt":"2025-06-17T10:04:30","guid":{"rendered":"https:\/\/smilecenterturkey.com\/?page_id=7184"},"modified":"2026-01-08T19:38:22","modified_gmt":"2026-01-08T19:38:22","slug":"vor-nach-johannes-3","status":"publish","type":"page","link":"https:\/\/smilecenterturkey.com\/de\/lachel-galerie\/vor-nach-johannes-3\/","title":{"rendered":"John"},"content":{"rendered":"<div data-elementor-type=\"wp-page\" data-elementor-id=\"7184\" class=\"elementor elementor-7184\" data-elementor-post-type=\"page\">\n\t\t\t\t<div class=\"elementor-element elementor-element-bd84da6 e-flex e-con-boxed e-con e-parent\" data-id=\"bd84da6\" data-element_type=\"container\" data-e-type=\"container\">\n\t\t\t\t\t<div class=\"e-con-inner\">\n\t\t\t\t\t<\/div>\n\t\t\t\t<\/div>\n\t\t<div class=\"elementor-element elementor-element-fdd9a50 e-flex e-con-boxed e-con e-parent\" data-id=\"fdd9a50\" data-element_type=\"container\" data-e-type=\"container\">\n\t\t\t\t\t<div class=\"e-con-inner\">\n\t\t\t\t<div class=\"elementor-element elementor-element-c254d2c elementor-widget elementor-widget-spacer\" data-id=\"c254d2c\" data-element_type=\"widget\" data-e-type=\"widget\" data-widget_type=\"spacer.default\">\n\t\t\t\t\t\t\t<div class=\"elementor-spacer\">\n\t\t\t<div class=\"elementor-spacer-inner\"><\/div>\n\t\t<\/div>\n\t\t\t\t\t\t<\/div>\n\t\t\t\t\t<\/div>\n\t\t\t\t<\/div>\n\t\t<div class=\"elementor-element elementor-element-2990db9 e-flex e-con-boxed e-con e-parent\" data-id=\"2990db9\" data-element_type=\"container\" data-e-type=\"container\">\n\t\t\t\t\t<div class=\"e-con-inner\">\n\t\t\t\t\t<\/div>\n\t\t\t\t<\/div>\n\t\t<div class=\"elementor-element elementor-element-89122f4 e-flex e-con-boxed e-con e-parent\" data-id=\"89122f4\" data-element_type=\"container\" data-e-type=\"container\">\n\t\t\t\t\t<div class=\"e-con-inner\">\n\t\t\t\t<div class=\"elementor-element elementor-element-d5655b6 elementor-widget elementor-widget-image\" data-id=\"d5655b6\" data-element_type=\"widget\" data-e-type=\"widget\" data-widget_type=\"image.default\">\n\t\t\t\t\t\t\t\t\t\t\t\t\t\t\t<img loading=\"lazy\" decoding=\"async\" width=\"819\" height=\"1024\" src=\"https:\/\/smilecenterturkey.com\/cdn-cgi\/imagedelivery\/jR2aRGLzABBv4Zk9rh2LHA\/43b273c5-29f1-4f9a-8537-2311c5570200\/w=819,h=1024\" class=\"attachment-large size-large wp-image-7191\" alt=\"\u2013 Smile Center Turkey\u00ae\">\t\t\t\t\t\t\t\t\t\t\t\t\t\t\t<\/div>\n\t\t\t\t<div class=\"elementor-element elementor-element-74b7c03 elementor-widget elementor-widget-image\" data-id=\"74b7c03\" data-element_type=\"widget\" data-e-type=\"widget\" data-widget_type=\"image.default\">\n\t\t\t\t\t\t\t\t\t\t\t\t\t\t\t<img loading=\"lazy\" decoding=\"async\" width=\"819\" height=\"1024\" src=\"https:\/\/smilecenterturkey.com\/cdn-cgi\/imagedelivery\/jR2aRGLzABBv4Zk9rh2LHA\/66c78f58-077d-488a-bcd9-8ad35f0c3d00\/w=819,h=1024\" class=\"attachment-large size-large wp-image-7190\" alt=\"\u2013 Smile Center Turkey\u00ae\">\t\t\t\t\t\t\t\t\t\t\t\t\t\t\t<\/div>\n\t\t\t\t<div class=\"elementor-element elementor-element-0d51255 elementor-widget elementor-widget-image\" data-id=\"0d51255\" data-element_type=\"widget\" data-e-type=\"widget\" data-widget_type=\"image.default\">\n\t\t\t\t\t\t\t\t\t\t\t\t\t\t\t<img loading=\"lazy\" decoding=\"async\" width=\"819\" height=\"1024\" src=\"https:\/\/smilecenterturkey.com\/cdn-cgi\/imagedelivery\/jR2aRGLzABBv4Zk9rh2LHA\/1a620ef6-9832-4ee9-a164-0c9aeeea0700\/w=819,h=1024\" class=\"attachment-large size-large wp-image-7187\" alt=\"\u2013 Smile Center Turkey\u00ae\">\t\t\t\t\t\t\t\t\t\t\t\t\t\t\t<\/div>\n\t\t\t\t\t<\/div>\n\t\t\t\t<\/div>\n\t\t<div class=\"elementor-element elementor-element-da45515 e-flex e-con-boxed e-con e-parent\" data-id=\"da45515\" data-element_type=\"container\" data-e-type=\"container\">\n\t\t\t\t\t<div class=\"e-con-inner\">\n\t\t\t\t<div class=\"elementor-element elementor-element-462415c elementor-widget elementor-widget-image\" data-id=\"462415c\" data-element_type=\"widget\" data-e-type=\"widget\" data-widget_type=\"image.default\">\n\t\t\t\t\t\t\t\t\t\t\t\t\t\t\t<img loading=\"lazy\" decoding=\"async\" width=\"819\" height=\"1024\" src=\"https:\/\/smilecenterturkey.com\/cdn-cgi\/imagedelivery\/jR2aRGLzABBv4Zk9rh2LHA\/ab8bdb54-0d39-4b42-a544-d4376548cb00\/w=819,h=1024\" class=\"attachment-large size-large wp-image-7186\" alt=\"\u2013 Smile Center Turkey\u00ae\">\t\t\t\t\t\t\t\t\t\t\t\t\t\t\t<\/div>\n\t\t\t\t<div class=\"elementor-element elementor-element-fe3abec elementor-widget elementor-widget-image\" data-id=\"fe3abec\" data-element_type=\"widget\" data-e-type=\"widget\" data-widget_type=\"image.default\">\n\t\t\t\t\t\t\t\t\t\t\t\t\t\t\t<img loading=\"lazy\" decoding=\"async\" width=\"819\" height=\"1024\" src=\"https:\/\/smilecenterturkey.com\/cdn-cgi\/imagedelivery\/jR2aRGLzABBv4Zk9rh2LHA\/4f91d199-5339-407c-88e2-8aaeff9e6b00\/w=819,h=1024\" class=\"attachment-large size-large wp-image-7189\" alt=\"\u2013 Smile Center Turkey\u00ae\">\t\t\t\t\t\t\t\t\t\t\t\t\t\t\t<\/div>\n\t\t\t\t<div class=\"elementor-element elementor-element-dbac98c elementor-widget elementor-widget-image\" data-id=\"dbac98c\" data-element_type=\"widget\" data-e-type=\"widget\" data-widget_type=\"image.default\">\n\t\t\t\t\t\t\t\t\t\t\t\t\t\t\t<img loading=\"lazy\" decoding=\"async\" width=\"819\" height=\"1024\" src=\"https:\/\/smilecenterturkey.com\/cdn-cgi\/imagedelivery\/jR2aRGLzABBv4Zk9rh2LHA\/3c1ca781-e3b1-4b90-96cf-3c0c6d629b00\/w=819,h=1024\" class=\"attachment-large size-large wp-image-7188\" alt=\"Portr\u00e4t eines Mannes mittleren Alters mit kurzen grauen Haaren, der ein rosafarbenes Polohemd und eine graue Jacke tr\u00e4gt. Er l\u00e4chelt breit, um seinen neuen Zahnersatz im Smile Center Turkey zu zeigen.\" \/>\t\t\t\t\t\t\t\t\t\t\t\t\t\t\t<\/div>\n\t\t\t\t\t<\/div>\n\t\t\t\t<\/div>\n\t\t<div class=\"elementor-element elementor-element-2c29c5c e-flex e-con-boxed e-con e-parent\" data-id=\"2c29c5c\" data-element_type=\"container\" data-e-type=\"container\">\n\t\t\t\t\t<div class=\"e-con-inner\">\n\t\t\t\t<div class=\"elementor-element elementor-element-dc03d5c elementor-widget elementor-widget-image\" data-id=\"dc03d5c\" data-element_type=\"widget\" data-e-type=\"widget\" data-widget_type=\"image.default\">\n\t\t\t\t\t\t\t\t\t\t\t\t\t\t\t<img loading=\"lazy\" decoding=\"async\" width=\"150\" height=\"150\" src=\"https:\/\/smilecenterturkey.com\/cdn-cgi\/imagedelivery\/jR2aRGLzABBv4Zk9rh2LHA\/1bc29e5b-8fac-4862-b720-96c1d1d18e00\/w=150,h=150,fit=crop\" class=\"attachment-thumbnail size-thumbnail wp-image-3685\" alt=\"Zahn\u00e4rztliches Symbol f\u00fcr allgemeine Mundgesundheitsdienstleistungen\" \/>\t\t\t\t\t\t\t\t\t\t\t\t\t\t\t<\/div>\n\t\t\t\t<div class=\"elementor-element elementor-element-c09b566 elementor-widget elementor-widget-heading\" data-id=\"c09b566\" data-element_type=\"widget\" data-e-type=\"widget\" data-widget_type=\"heading.default\">\n\t\t\t\t\t<h2 class=\"elementor-heading-title elementor-size-default\">Vorher &amp; Nachher: Weitere F\u00e4lle<\/h2>\t\t\t\t<\/div>\n\t\t\t\t\t<\/div>\n\t\t\t\t<\/div>\n\t\t<div class=\"elementor-element elementor-element-b6c53d8 e-flex e-con-boxed e-con e-parent\" data-id=\"b6c53d8\" data-element_type=\"container\" data-e-type=\"container\">\n\t\t\t\t\t<div class=\"e-con-inner\">\n\t\t\t\t<div class=\"elementor-element elementor-element-a50ab74 elementor-widget elementor-widget-ucaddon_post_carousel\" data-id=\"a50ab74\" data-element_type=\"widget\" data-e-type=\"widget\" data-widget_type=\"ucaddon_post_carousel.default\">\n\t\t\t\t<div class=\"elementor-widget-container\">\n\t\t\t\t\t\n<!-- start Post Carousel -->\n\t\t<link id='font-awesome-css' href='https:\/\/smilecenterturkey.com\/wp-content\/plugins\/unlimited-elements-for-elementor\/assets_libraries\/font-awesome6\/fontawesome-all.min.css' type='text\/css' rel='stylesheet' >\n\t\t<link id='font-awesome-4-shim-css' href='https:\/\/smilecenterturkey.com\/wp-content\/plugins\/unlimited-elements-for-elementor\/assets_libraries\/font-awesome6\/fontawesome-v4-shims.min.css' type='text\/css' rel='stylesheet' >\n\t\t<link id='owl-carousel-css' href='https:\/\/smilecenterturkey.com\/wp-content\/plugins\/unlimited-elements-for-elementor\/assets_libraries\/owl-carousel-new\/assets\/owl.carousel.css' type='text\/css' rel='stylesheet' >\n\t\t<link id='lity-css' href='https:\/\/smilecenterturkey.com\/wp-content\/plugins\/unlimited-elements-for-elementor\/assets_libraries\/lity\/lity.min.css' type='text\/css' rel='stylesheet' >\n\n<style>\/* widget: Post Carousel *\/\n\n#uc_post_carousel_elementor_a50ab74-wrapper{\n  min-height:1px;\n}\n\n#uc_post_carousel_elementor_a50ab74 *{\n  box-sizing:border-box;\n}\n\n#uc_post_carousel_elementor_a50ab74 .ue-grid-item-category a{\n  white-space: nowrap;\n}\n\n\n#uc_post_carousel_elementor_a50ab74{\n  position:relative;\n}\n\n.uc_post_title{\n  font-size:21px;\n}\n\n#uc_post_carousel_elementor_a50ab74 .ue-item{\n  transition:0.3s;\n  position:relative;\n}\n\n#uc_post_carousel_elementor_a50ab74 .uc_image_carousel_placeholder{\n  position:relative;\n}\n\n#uc_post_carousel_elementor_a50ab74 .ue_pos_carousel_image_overlay{\n  position:absolute;\n  top:0;\n  bottom:0;\n  left:0;\n  right:0;\n  transition:0.3s;\n}\n\n#uc_post_carousel_elementor_a50ab74 .owl-stage{\n  display:flex;\n}\n\n#uc_post_carousel_elementor_a50ab74 .uc_image_carousel_container_holder{\n  display: flex;\n  flex-direction: column;\n  height: 100%;\n}\n\n#uc_post_carousel_elementor_a50ab74 .uc_image_carousel_content{\n  flex-grow: 1;\n  }\n\n\n#uc_post_carousel_elementor_a50ab74 .uc_carousel_item{\n  overflow:hidden;\n}\n\n#uc_post_carousel_elementor_a50ab74 .owl-nav .owl-prev{\n    position:absolute;\n    display:inline-block;\n    text-align:center;  \t\n    \t\n\n}\n#uc_post_carousel_elementor_a50ab74 .owl-nav .owl-next{\n  position:absolute;\n  display:inline-block;\n  text-align:center;\n  \t\n}\n\n\n#uc_post_carousel_elementor_a50ab74 .owl-dots {\n  overflow:hidden;\n  display:flex !important;\n}\n\n#uc_post_carousel_elementor_a50ab74 .owl-dot {\n  border-radius:50%;\n  display:inline-block;\n  padding: 0;\n}\n\n#uc_post_carousel_elementor_a50ab74 .uc_more_btn{\n  display:inline-block;\n  text-align:center;\n  text-decoration:none;\n}  \n\n#uc_post_carousel_elementor_a50ab74 .uc_more_btn svg{\n  width:1em;\n  height:1em;\n}\n\n#uc_post_carousel_elementor_a50ab74 .uc_image_carousel_placeholder{\n  overflow:hidden;\n}\n#uc_post_carousel_elementor_a50ab74 .uc_image_carousel_placeholder img{\n  display:block;\n  width:100%;\n}\n\n#uc_post_carousel_elementor_a50ab74 .uc_image_carousel_content {\n  display:flex;\n  flex-direction:column;\n}\n\n\t\n\n\n\n\n\n\n\n\n\n#uc_post_carousel_elementor_a50ab74 .ue-meta-data{  \n  display:flex !important;\n  flex-wrap: wrap;\n  line-height:1em;\n}\n\n#uc_post_carousel_elementor_a50ab74 .ue-grid-item-meta-data{\n      display:inline-flex;\n      align-items:center;\n}\n\n.ue-grid-item-meta-data{\n  font-size:12px;\n}\n\n#uc_post_carousel_elementor_a50ab74 .ue-grid-item-meta-data-icon{\n  line-height:1em;\n}\n\n#uc_post_carousel_elementor_a50ab74 .ue-grid-item-meta-data-icon svg{\n  width:1em;\n  height:1em;\n}\n\n#uc_post_carousel_elementor_a50ab74 .ue-debug-meta{\n  padding:10px;\n  border:1px solid red;\n  position:relative;\n  line-height:1.5em;\n  font-size:11px;\n  width:100%;\n}\n\n\n\t#uc_post_carousel_elementor_a50ab74 .owl-stage        {\n            transition-timing-function: linear!important;\n        }\n\n#uc_post_carousel_elementor_a50ab74 .owl-nav .owl-prev.disabled,\n#uc_post_carousel_elementor_a50ab74 .owl-nav .owl-next.disabled {\n   display: none;\n}\n\n<\/style>\n\n<div class=\"uc_overlay_image_carousel\" id=\"uc_post_carousel_elementor_a50ab74-wrapper\">\n   <div class=\"uc_carousel owl-carousel owl-theme uc-items-wrapper\" data-custom-sethtml=\"true\"  data-id=\"\" id=\"uc_post_carousel_elementor_a50ab74\" >\n   \t\t<div class=\"uc_image_carousel_container_holder uc_carousel_item ue-item\">\n  \n    <div class=\"uc_image_carousel_placeholder\">\n        <a href=\"https:\/\/smilecenterturkey.com\/de\/before-after-gallery\/before-after-alexander\/\" style=\"display:block;\">         \n            <img loading=\"lazy\" decoding=\"async\" src=\"https:\/\/smilecenterturkey.com\/wp-content\/uploads\/2025\/06\/01JCZHPZ1C7C5MEFW66XRGPJ12-1.jpg\"  alt=\"01JCZHPZ1C7C5MEFW66XRGPJ12\" width=\"1080\" height=\"1350\" title=\"01JCZHPZ1C7C5MEFW66XRGPJ12\"> \n        \t\n        <div class=\"ue_pos_carousel_image_overlay\"><\/div>\n    <\/a>      <\/div>\n  \n  \n    <div class=\"uc_image_carousel_content\" >\n        <div>\n          \n                            \n          \n                   <a href=\"https:\/\/smilecenterturkey.com\/de\/before-after-gallery\/before-after-alexander\/\">            <h2 class=\"uc_post_title\">Alexander<\/h2>\n          <\/a>                   \n         \n         <div class=\"ue-meta-data\">\n                        \t\t\t            \n                                    \n            \n                        \n                        \n                       \n                      \n           \n             \n            \n          <\/div>          \n          \n                \n        <\/div>\n    \n          <\/div>\n    \n  \n    \n<\/div>\n<div class=\"uc_image_carousel_container_holder uc_carousel_item ue-item\">\n  \n    <div class=\"uc_image_carousel_placeholder\">\n        <a href=\"https:\/\/smilecenterturkey.com\/de\/lachel-galerie\/vorher-nachher-christine\/\" style=\"display:block;\">         \n            <img loading=\"lazy\" decoding=\"async\" src=\"https:\/\/smilecenterturkey.com\/wp-content\/uploads\/2025\/06\/01JWV0WTEG15YJWE6ZRZ1C3ETA-1.jpg\"  alt=\"01JWV0WTEG15YJWE6ZRZ1C3ETA\" width=\"1080\" height=\"1350\" title=\"01JWV0WTEG15YJWE6ZRZ1C3ETA\"> \n        \t\n        <div class=\"ue_pos_carousel_image_overlay\"><\/div>\n    <\/a>      <\/div>\n  \n  \n    <div class=\"uc_image_carousel_content\" >\n        <div>\n          \n                            \n          \n                   <a href=\"https:\/\/smilecenterturkey.com\/de\/lachel-galerie\/vorher-nachher-christine\/\">            <h2 class=\"uc_post_title\">Christine<\/h2>\n          <\/a>                   \n         \n         <div class=\"ue-meta-data\">\n                        \t\t\t            \n                                    \n            \n                        \n                        \n                       \n                      \n           \n             \n            \n          <\/div>          \n          \n                \n        <\/div>\n    \n          <\/div>\n    \n  \n    \n<\/div>\n<div class=\"uc_image_carousel_container_holder uc_carousel_item ue-item\">\n  \n    <div class=\"uc_image_carousel_placeholder\">\n        <a href=\"https:\/\/smilecenterturkey.com\/de\/before-after-gallery\/before-after-cameron\/\" style=\"display:block;\">         \n            <img loading=\"lazy\" decoding=\"async\" src=\"https:\/\/smilecenterturkey.com\/wp-content\/uploads\/2025\/06\/01JNTMHRG0E0T4KHCZNBJNK6PE-1.jpg\"  alt=\"01JNTMHRG0E0T4KHCZNBJNK6PE\" width=\"1080\" height=\"1350\" title=\"01JNTMHRG0E0T4KHCZNBJNK6PE\"> \n        \t\n        <div class=\"ue_pos_carousel_image_overlay\"><\/div>\n    <\/a>      <\/div>\n  \n  \n    <div class=\"uc_image_carousel_content\" >\n        <div>\n          \n                            \n          \n                   <a href=\"https:\/\/smilecenterturkey.com\/de\/before-after-gallery\/before-after-cameron\/\">            <h2 class=\"uc_post_title\">Cameron<\/h2>\n          <\/a>                   \n         \n         <div class=\"ue-meta-data\">\n                        \t\t\t            \n                                    \n            \n                        \n                        \n                       \n                      \n           \n             \n            \n          <\/div>          \n          \n                \n        <\/div>\n    \n          <\/div>\n    \n  \n    \n<\/div>\n<div class=\"uc_image_carousel_container_holder uc_carousel_item ue-item\">\n  \n    <div class=\"uc_image_carousel_placeholder\">\n        <a href=\"https:\/\/smilecenterturkey.com\/de\/before-after-gallery\/before-after-brooklyn\/\" style=\"display:block;\">         \n            <img loading=\"lazy\" decoding=\"async\" src=\"https:\/\/smilecenterturkey.com\/wp-content\/uploads\/2025\/06\/01JNR3SSBG5JBQX06DDTCVEKXZ-1.jpg\"  alt=\"01JNR3SSBG5JBQX06DDTCVEKXZ\" width=\"1080\" height=\"1350\" title=\"01JNR3SSBG5JBQX06DDTCVEKXZ\"> \n        \t\n        <div class=\"ue_pos_carousel_image_overlay\"><\/div>\n    <\/a>      <\/div>\n  \n  \n    <div class=\"uc_image_carousel_content\" >\n        <div>\n          \n                            \n          \n                   <a href=\"https:\/\/smilecenterturkey.com\/de\/before-after-gallery\/before-after-brooklyn\/\">            <h2 class=\"uc_post_title\">Brooklyn<\/h2>\n          <\/a>                   \n         \n         <div class=\"ue-meta-data\">\n                        \t\t\t            \n                                    \n            \n                        \n                        \n                       \n                      \n           \n             \n            \n          <\/div>          \n          \n                \n        <\/div>\n    \n          <\/div>\n    \n  \n    \n<\/div>\n<div class=\"uc_image_carousel_container_holder uc_carousel_item ue-item\">\n  \n    <div class=\"uc_image_carousel_placeholder\">\n        <a href=\"https:\/\/smilecenterturkey.com\/de\/before-after-gallery\/before-after-anthony\/\" style=\"display:block;\">         \n            <img loading=\"lazy\" decoding=\"async\" src=\"https:\/\/smilecenterturkey.com\/wp-content\/uploads\/2025\/06\/01JNR3K5AVB0J8DY7DKQ9K5203-1.jpg\"  alt=\"01JNR3K5AVB0J8DY7DKQ9K5203\" width=\"1080\" height=\"1350\" title=\"01JNR3K5AVB0J8DY7DKQ9K5203\"> \n        \t\n        <div class=\"ue_pos_carousel_image_overlay\"><\/div>\n    <\/a>      <\/div>\n  \n  \n    <div class=\"uc_image_carousel_content\" >\n        <div>\n          \n                            \n          \n                   <a href=\"https:\/\/smilecenterturkey.com\/de\/before-after-gallery\/before-after-anthony\/\">            <h2 class=\"uc_post_title\">Anthony<\/h2>\n          <\/a>                   \n         \n         <div class=\"ue-meta-data\">\n                        \t\t\t            \n                                    \n            \n                        \n                        \n                       \n                      \n           \n             \n            \n          <\/div>          \n          \n                \n        <\/div>\n    \n          <\/div>\n    \n  \n    \n<\/div>\n<div class=\"uc_image_carousel_container_holder uc_carousel_item ue-item\">\n  \n    <div class=\"uc_image_carousel_placeholder\">\n        <a href=\"https:\/\/smilecenterturkey.com\/de\/before-after-gallery\/vor-nach-alexsandro\/\" style=\"display:block;\">         \n            <img loading=\"lazy\" decoding=\"async\" src=\"https:\/\/smilecenterturkey.com\/wp-content\/uploads\/2025\/06\/01JWXKQC3FNZSB0J5GT56Y0F5X-1.jpg\"  alt=\"01JWXKQC3FNZSB0J5GT56Y0F5X\" width=\"1080\" height=\"1350\" title=\"01JWXKQC3FNZSB0J5GT56Y0F5X\"> \n        \t\n        <div class=\"ue_pos_carousel_image_overlay\"><\/div>\n    <\/a>      <\/div>\n  \n  \n    <div class=\"uc_image_carousel_content\" >\n        <div>\n          \n                            \n          \n                   <a href=\"https:\/\/smilecenterturkey.com\/de\/before-after-gallery\/vor-nach-alexsandro\/\">            <h2 class=\"uc_post_title\">Alexsandro<\/h2>\n          <\/a>                   \n         \n         <div class=\"ue-meta-data\">\n                        \t\t\t            \n                                    \n            \n                        \n                        \n                       \n                      \n           \n             \n            \n          <\/div>          \n          \n                \n        <\/div>\n    \n          <\/div>\n    \n  \n    \n<\/div>\n<div class=\"uc_image_carousel_container_holder uc_carousel_item ue-item\">\n  \n    <div class=\"uc_image_carousel_placeholder\">\n        <a href=\"https:\/\/smilecenterturkey.com\/de\/before-after-gallery\/before-after-brett\/\" style=\"display:block;\">         \n            <img loading=\"lazy\" decoding=\"async\" src=\"https:\/\/smilecenterturkey.com\/wp-content\/uploads\/2025\/06\/01J9R597K6ZQVFNND2N4WBPM8G-1.jpg\"  alt=\"01J9R597K6ZQVFNND2N4WBPM8G\" width=\"1080\" height=\"1350\" title=\"01J9R597K6ZQVFNND2N4WBPM8G\"> \n        \t\n        <div class=\"ue_pos_carousel_image_overlay\"><\/div>\n    <\/a>      <\/div>\n  \n  \n    <div class=\"uc_image_carousel_content\" >\n        <div>\n          \n                            \n          \n                   <a href=\"https:\/\/smilecenterturkey.com\/de\/before-after-gallery\/before-after-brett\/\">            <h2 class=\"uc_post_title\">Brett<\/h2>\n          <\/a>                   \n         \n         <div class=\"ue-meta-data\">\n                        \t\t\t            \n                                    \n            \n                        \n                        \n                       \n                      \n           \n             \n            \n          <\/div>          \n          \n                \n        <\/div>\n    \n          <\/div>\n    \n  \n    \n<\/div>\n\n   <\/div>\t\n<\/div>\n\n\n<!-- end Post Carousel -->\t\t\t\t<\/div>\n\t\t\t\t<\/div>\n\t\t\t\t\t<\/div>\n\t\t\t\t<\/div>\n\t\t<div class=\"elementor-element elementor-element-e5c9e15 e-flex e-con-boxed e-con e-parent\" data-id=\"e5c9e15\" data-element_type=\"container\" data-e-type=\"container\" data-settings=\"{&quot;background_background&quot;:&quot;classic&quot;}\">\n\t\t\t\t\t<div class=\"e-con-inner\">\n\t\t<div class=\"elementor-element elementor-element-7c87485 e-con-full e-flex e-con e-child\" data-id=\"7c87485\" data-element_type=\"container\" data-e-type=\"container\" data-settings=\"{&quot;shape_divider_top&quot;:&quot;tilt&quot;}\">\n\t\t\t\t<div class=\"elementor-shape elementor-shape-top\" aria-hidden=\"true\" data-negative=\"false\">\n\t\t\t<svg xmlns=\"http:\/\/www.w3.org\/2000\/svg\" viewbox=\"0 0 1000 100\" preserveaspectratio=\"none\">\n\t<path class=\"elementor-shape-fill\" d=\"M0,6V0h1000v100L0,6z\"\/>\n<\/svg>\t\t<\/div>\n\t\t<div class=\"elementor-element elementor-element-c7a3121 e-con-full e-flex e-con e-child\" data-id=\"c7a3121\" data-element_type=\"container\" data-e-type=\"container\">\n\t\t\t\t<div class=\"elementor-element elementor-element-64e7a3b elementor-widget-mobile__width-inherit elementor-widget elementor-widget-google_maps\" data-id=\"64e7a3b\" data-element_type=\"widget\" data-e-type=\"widget\" data-widget_type=\"google_maps.default\">\n\t\t\t\t\t\t\t<div class=\"elementor-custom-embed\">\n\t\t\t<iframe loading=\"lazy\"\n\t\t\t\t\tsrc=\"https:\/\/maps.google.com\/maps?q=Barbaros%2C%20Mescit%20Sk.%20No%3A19%2C%2007100%20Muratpa%C5%9Fa%2FAntalya&#038;t=m&#038;z=12&#038;output=embed&#038;iwloc=near\"\n\t\t\t\t\ttitle=\"Barbaros, Mescit-Stra\u00dfe Nr. 19, 07100 Muratpa\u015fa\/Antalya\"\n\t\t\t\t\taria-label=\"Barbaros, Mescit-Stra\u00dfe Nr. 19, 07100 Muratpa\u015fa\/Antalya\"\n\t\t\t><\/iframe>\n\t\t<\/div>\n\t\t\t\t\t\t<\/div>\n\t\t\t\t<\/div>\n\t\t\t\t<\/div>\n\t\t\t\t\t<\/div>\n\t\t\t\t<\/div>\n\t\t\t\t<\/div>","protected":false},"excerpt":{"rendered":"<p>All All Filter 1 John- Before &amp; After Gallery Before &amp; After: More Cases Alexander Christine Cameron Brooklyn Anthony Alexsandro [&hellip;]<\/p>\n","protected":false},"author":6,"featured_media":0,"parent":16009,"menu_order":0,"comment_status":"closed","ping_status":"closed","template":"","meta":{"site-sidebar-layout":"no-sidebar","site-content-layout":"","ast-site-content-layout":"full-width-container","site-content-style":"default","site-sidebar-style":"default","ast-global-header-display":"","ast-banner-title-visibility":"","ast-main-header-display":"","ast-hfb-above-header-display":"","ast-hfb-below-header-display":"","ast-hfb-mobile-header-display":"","site-post-title":"disabled","ast-breadcrumbs-content":"","ast-featured-img":"disabled","footer-sml-layout":"","ast-disable-related-posts":"","theme-transparent-header-meta":"","adv-header-id-meta":"","stick-header-meta":"","header-above-stick-meta":"","header-main-stick-meta":"","header-below-stick-meta":"","astra-migrate-meta-layouts":"default","ast-page-background-enabled":"default","ast-page-background-meta":{"desktop":{"background-color":"var(--ast-global-color-5)","background-image":"","background-repeat":"repeat","background-position":"center center","background-size":"auto","background-attachment":"scroll","background-type":"","background-media":"","overlay-type":"","overlay-color":"","overlay-opacity":"","overlay-gradient":""},"tablet":{"background-color":"","background-image":"","background-repeat":"repeat","background-position":"center center","background-size":"auto","background-attachment":"scroll","background-type":"","background-media":"","overlay-type":"","overlay-color":"","overlay-opacity":"","overlay-gradient":""},"mobile":{"background-color":"","background-image":"","background-repeat":"repeat","background-position":"center center","background-size":"auto","background-attachment":"scroll","background-type":"","background-media":"","overlay-type":"","overlay-color":"","overlay-opacity":"","overlay-gradient":""}},"ast-content-background-meta":{"desktop":{"background-color":"var(--ast-global-color-4)","background-image":"","background-repeat":"repeat","background-position":"center center","background-size":"auto","background-attachment":"scroll","background-type":"","background-media":"","overlay-type":"","overlay-color":"","overlay-opacity":"","overlay-gradient":""},"tablet":{"background-color":"var(--ast-global-color-4)","background-image":"","background-repeat":"repeat","background-position":"center center","background-size":"auto","background-attachment":"scroll","background-type":"","background-media":"","overlay-type":"","overlay-color":"","overlay-opacity":"","overlay-gradient":""},"mobile":{"background-color":"var(--ast-global-color-4)","background-image":"","background-repeat":"repeat","background-position":"center center","background-size":"auto","background-attachment":"scroll","background-type":"","background-media":"","overlay-type":"","overlay-color":"","overlay-opacity":"","overlay-gradient":""}},"footnotes":""},"tags":[],"class_list":["post-7184","page","type-page","status-publish","hentry"],"_links":{"self":[{"href":"https:\/\/smilecenterturkey.com\/de\/wp-json\/wp\/v2\/pages\/7184","targetHints":{"allow":["GET"]}}],"collection":[{"href":"https:\/\/smilecenterturkey.com\/de\/wp-json\/wp\/v2\/pages"}],"about":[{"href":"https:\/\/smilecenterturkey.com\/de\/wp-json\/wp\/v2\/types\/page"}],"author":[{"embeddable":true,"href":"https:\/\/smilecenterturkey.com\/de\/wp-json\/wp\/v2\/users\/6"}],"replies":[{"embeddable":true,"href":"https:\/\/smilecenterturkey.com\/de\/wp-json\/wp\/v2\/comments?post=7184"}],"version-history":[{"count":7,"href":"https:\/\/smilecenterturkey.com\/de\/wp-json\/wp\/v2\/pages\/7184\/revisions"}],"predecessor-version":[{"id":8583,"href":"https:\/\/smilecenterturkey.com\/de\/wp-json\/wp\/v2\/pages\/7184\/revisions\/8583"}],"up":[{"embeddable":true,"href":"https:\/\/smilecenterturkey.com\/de\/wp-json\/wp\/v2\/pages\/16009"}],"wp:attachment":[{"href":"https:\/\/smilecenterturkey.com\/de\/wp-json\/wp\/v2\/media?parent=7184"}],"wp:term":[{"taxonomy":"post_tag","embeddable":true,"href":"https:\/\/smilecenterturkey.com\/de\/wp-json\/wp\/v2\/tags?post=7184"}],"curies":[{"name":"wp","href":"https:\/\/api.w.org\/{rel}","templated":true}]}}