{"id":1290,"date":"2025-04-06T20:29:18","date_gmt":"2025-04-06T20:29:18","guid":{"rendered":"https:\/\/smilecenterturkey.com\/?page_id=1290"},"modified":"2026-03-09T23:21:47","modified_gmt":"2026-03-09T23:21:47","slug":"dt-firat","status":"publish","type":"page","link":"https:\/\/smilecenterturkey.com\/it\/dt-firat\/","title":{"rendered":"Dr. F\u0131rat"},"content":{"rendered":"<div data-elementor-type=\"wp-page\" data-elementor-id=\"1290\" class=\"elementor elementor-1290\" data-elementor-post-type=\"page\">\n\t\t\t\t<div class=\"elementor-element elementor-element-1a670a59 e-flex e-con-boxed e-con e-parent\" data-id=\"1a670a59\" data-element_type=\"container\" data-e-type=\"container\" data-settings=\"{&quot;background_background&quot;:&quot;classic&quot;}\">\n\t\t\t\t\t<div class=\"e-con-inner\">\n\t\t<div class=\"elementor-element elementor-element-1b07d674 e-con-full e-flex e-con e-child\" data-id=\"1b07d674\" data-element_type=\"container\" data-e-type=\"container\">\n\t\t\t\t<div class=\"elementor-element elementor-element-74c7edba elementor-widget__width-auto elementor-widget elementor-widget-html\" data-id=\"74c7edba\" data-element_type=\"widget\" data-e-type=\"widget\" data-widget_type=\"html.default\">\n\t\t\t\t\t<svg width=\"30\" height=\"33\" viewbox=\"0 0 30 33\" fill=\"none\" xmlns=\"http:\/\/www.w3.org\/2000\/svg\">\n                    <path fill-rule=\"evenodd\" clip-rule=\"evenodd\" d=\"M14.9598 0.55499C12.9042 13.5398 0 17.2086 0 17.2086C4.72563 17.2086 14.0018 21.9193 14.9598 30.6203V32.0982C14.9598 31.7427 14.9734 31.3932 15 31.0497C15.0266 31.3932 15.0402 31.7427 15.0402 32.0982V30.6203C15.9982 21.9193 25.2744 17.2086 30 17.2086C30 17.2086 17.0958 13.5398 15.0402 0.55499V0C15.0274 0.0972397 15.014 0.193973 15 0.290203C14.986 0.193973 14.9726 0.0972397 14.9598 0V0.55499Z\" fill=\"#fff\"><\/path>\n                <\/svg>\t\t\t\t<\/div>\n\t\t\t\t<div class=\"elementor-element elementor-element-445c68c2 elementor-widget elementor-widget-heading\" data-id=\"445c68c2\" data-element_type=\"widget\" data-e-type=\"widget\" data-widget_type=\"heading.default\">\n\t\t\t\t\t<h1 class=\"elementor-heading-title elementor-size-default\">Dr. F\u0131rat<\/h1>\t\t\t\t<\/div>\n\t\t\t\t<div class=\"elementor-element elementor-element-3a4fa508 elementor-widget-divider--view-line_text elementor-widget-divider--element-align-center elementor-widget elementor-widget-divider\" data-id=\"3a4fa508\" data-element_type=\"widget\" data-e-type=\"widget\" data-widget_type=\"divider.default\">\n\t\t\t\t\t\t\t<div class=\"elementor-divider\">\n\t\t\t<span class=\"elementor-divider-separator\">\n\t\t\t\t\t\t\t<h6 class=\"elementor-divider__text elementor-divider__element\">\n\t\t\t\tEndodontista, Dr. F\u0131rat\t\t\t\t<\/h6>\n\t\t\t\t\t\t<\/span>\n\t\t<\/div>\n\t\t\t\t\t\t<\/div>\n\t\t\t\t<\/div>\n\t\t\t\t\t<\/div>\n\t\t\t\t<\/div>\n\t\t<div class=\"elementor-element elementor-element-2f13894c e-flex e-con-boxed e-con e-parent\" data-id=\"2f13894c\" data-element_type=\"container\" data-e-type=\"container\" data-settings=\"{&quot;background_background&quot;:&quot;classic&quot;}\">\n\t\t\t\t\t<div class=\"e-con-inner\">\n\t\t<div class=\"elementor-element elementor-element-74f38482 e-con-full e-flex e-con e-child\" data-id=\"74f38482\" data-element_type=\"container\" data-e-type=\"container\">\n\t\t<div class=\"elementor-element elementor-element-2ac5bb82 e-con-full e-flex e-con e-child\" data-id=\"2ac5bb82\" data-element_type=\"container\" data-e-type=\"container\">\n\t\t<div class=\"elementor-element elementor-element-7d9cc646 e-con-full e-flex e-con e-child\" data-id=\"7d9cc646\" data-element_type=\"container\" data-e-type=\"container\">\n\t\t\t\t<div class=\"elementor-element elementor-element-1e9525e7 elementor-widget elementor-widget-ucaddon_image_card_content_box\" data-id=\"1e9525e7\" data-element_type=\"widget\" data-e-type=\"widget\" data-widget_type=\"ucaddon_image_card_content_box.default\">\n\t\t\t\t<div class=\"elementor-widget-container\">\n\t\t\t\t\t\n<!-- start Image Card -->\n<style>\/* widget: Image Card *\/\n\n.uc_classic_content *{\n\tbox-sizing: border-box;\n}\n\n#uc_image_card_content_box_elementor_1e9525e7 \n{\n\tfont-size:14px;\n\toverflow:hidden;\n\tcolor:#8a8a8a;\n\ttext-align:center;\n\tposition:relative;\n\twidth:100%;\n    box-shadow:rgba(0,0,0,0.10) 0px 5px 20px;\n}\n\n.uc_classic_content .uc_classic_content_content h2\n{\n\tfont-size:21px;\n    color:black;\n}\n\n.uc_classic_content .uc_classic_content_content p\n{\n\tline-height:1.5em;\n}\n\n.uc_classic_content .uc_classic_content_border\n{\n\tdisplay:block;\n    margin: 0 auto;\n}\n\n.uc_classic_content  .uc_classic_content_placeholder img\n{\n\twidth:100%;\n    object-fit:cover;\n}\n\n#uc_image_card_content_box_elementor_1e9525e7 .uc_classic_content_content \n{\n display: flex;\n flex-flow: column nowrap;\n}\n#uc_image_card_content_box_elementor_1e9525e7 .btn_wrap\n{\n  margin-top:auto;\n}\n#uc_image_card_content_box_elementor_1e9525e7 .uc_classic_content_content .uc_more_btn {\n\tdisplay:inline-block;\n\ttext-decoration:none;\n\ttransition: all 0.3s ease;\n    border-style:solid;\n    text-align:center;\n    \n\n}\n\n\n\n\n\n<\/style>\n\n<div class=\"uc_classic_content\" id=\"uc_image_card_content_box_elementor_1e9525e7\">\n  <span class=\"uc_classic_content_border\"><\/span>\n    \t<div class=\"uc_classic_content_container_holder\">\n                  \t<div class=\"uc_classic_content_placeholder\">\n                        \t\t<img decoding=\"async\" src=\"https:\/\/smilecenterturkey.com\/wp-content\/uploads\/2025\/08\/dr-ergin.webp\" alt=\"Dr. Ergin portrait - Smile Center Turkey dentist in Antalya, Turkey\">\n                            <\/div>\n                      <div class=\"uc_classic_content_content\">\n              <h2 class=\"ue-title\">Dr. F\u0131rat<\/h2>              <div class=\"ue-text\"><p>Endodontista, Dr. F\u0131rat<\/p><\/div>              \n              \n            <\/div>\n        <\/div>\n   <\/div>\n<!-- end Image Card -->\t\t\t\t<\/div>\n\t\t\t\t<\/div>\n\t\t\t\t<div class=\"elementor-element elementor-element-5070968a elementor-shape-circle elementor-grid-mobile-0 elementor-grid-0 e-grid-align-center elementor-widget elementor-widget-social-icons\" data-id=\"5070968a\" data-element_type=\"widget\" data-e-type=\"widget\" data-widget_type=\"social-icons.default\">\n\t\t\t\t\t\t\t<div class=\"elementor-social-icons-wrapper elementor-grid\" role=\"list\">\n\t\t\t\t\t\t\t<span class=\"elementor-grid-item\" role=\"listitem\">\n\t\t\t\t\t<a class=\"elementor-icon elementor-social-icon elementor-social-icon-instagram elementor-animation-grow elementor-repeater-item-c77c940\" href=\"https:\/\/www.instagram.com\/smile_centre_turkey\/\" target=\"_blank\" rel=\"noopener\">\n\t\t\t\t\t\t<span class=\"elementor-screen-only\">Instagram<\/span>\n\t\t\t\t\t\t<svg aria-hidden=\"true\" class=\"e-font-icon-svg e-fab-instagram\" viewbox=\"0 0 448 512\" xmlns=\"http:\/\/www.w3.org\/2000\/svg\"><path d=\"M224.1 141c-63.6 0-114.9 51.3-114.9 114.9s51.3 114.9 114.9 114.9S339 319.5 339 255.9 287.7 141 224.1 141zm0 189.6c-41.1 0-74.7-33.5-74.7-74.7s33.5-74.7 74.7-74.7 74.7 33.5 74.7 74.7-33.6 74.7-74.7 74.7zm146.4-194.3c0 14.9-12 26.8-26.8 26.8-14.9 0-26.8-12-26.8-26.8s12-26.8 26.8-26.8 26.8 12 26.8 26.8zm76.1 27.2c-1.7-35.9-9.9-67.7-36.2-93.9-26.2-26.2-58-34.4-93.9-36.2-37-2.1-147.9-2.1-184.9 0-35.8 1.7-67.6 9.9-93.9 36.1s-34.4 58-36.2 93.9c-2.1 37-2.1 147.9 0 184.9 1.7 35.9 9.9 67.7 36.2 93.9s58 34.4 93.9 36.2c37 2.1 147.9 2.1 184.9 0 35.9-1.7 67.7-9.9 93.9-36.2 26.2-26.2 34.4-58 36.2-93.9 2.1-37 2.1-147.8 0-184.8zM398.8 388c-7.8 19.6-22.9 34.7-42.6 42.6-29.5 11.7-99.5 9-132.1 9s-102.7 2.6-132.1-9c-19.6-7.8-34.7-22.9-42.6-42.6-11.7-29.5-9-99.5-9-132.1s-2.6-102.7 9-132.1c7.8-19.6 22.9-34.7 42.6-42.6 29.5-11.7 99.5-9 132.1-9s102.7-2.6 132.1 9c19.6 7.8 34.7 22.9 42.6 42.6 11.7 29.5 9 99.5 9 132.1s2.7 102.7-9 132.1z\"><\/path><\/svg>\t\t\t\t\t<\/a>\n\t\t\t\t<\/span>\n\t\t\t\t\t\t\t<span class=\"elementor-grid-item\" role=\"listitem\">\n\t\t\t\t\t<a class=\"elementor-icon elementor-social-icon elementor-social-icon-facebook elementor-animation-grow elementor-repeater-item-c875f81\" href=\"https:\/\/www.facebook.com\/smilecenterturkey\/\" target=\"_blank\" rel=\"noopener\">\n\t\t\t\t\t\t<span class=\"elementor-screen-only\">Facebook<\/span>\n\t\t\t\t\t\t<svg aria-hidden=\"true\" class=\"e-font-icon-svg e-fab-facebook\" viewbox=\"0 0 512 512\" xmlns=\"http:\/\/www.w3.org\/2000\/svg\"><path d=\"M504 256C504 119 393 8 256 8S8 119 8 256c0 123.78 90.69 226.38 209.25 245V327.69h-63V256h63v-54.64c0-62.15 37-96.48 93.67-96.48 27.14 0 55.52 4.84 55.52 4.84v61h-31.28c-30.8 0-40.41 19.12-40.41 38.73V256h68.78l-11 71.69h-57.78V501C413.31 482.38 504 379.78 504 256z\"><\/path><\/svg>\t\t\t\t\t<\/a>\n\t\t\t\t<\/span>\n\t\t\t\t\t\t\t<span class=\"elementor-grid-item\" role=\"listitem\">\n\t\t\t\t\t<a class=\"elementor-icon elementor-social-icon elementor-social-icon-youtube elementor-animation-grow elementor-repeater-item-1f13d42\" href=\"https:\/\/www.youtube.com\/@SmileCenterTurkey\" target=\"_blank\" rel=\"noopener\">\n\t\t\t\t\t\t<span class=\"elementor-screen-only\">Youtube<\/span>\n\t\t\t\t\t\t<svg aria-hidden=\"true\" class=\"e-font-icon-svg e-fab-youtube\" viewbox=\"0 0 576 512\" xmlns=\"http:\/\/www.w3.org\/2000\/svg\"><path d=\"M549.655 124.083c-6.281-23.65-24.787-42.276-48.284-48.597C458.781 64 288 64 288 64S117.22 64 74.629 75.486c-23.497 6.322-42.003 24.947-48.284 48.597-11.412 42.867-11.412 132.305-11.412 132.305s0 89.438 11.412 132.305c6.281 23.65 24.787 41.5 48.284 47.821C117.22 448 288 448 288 448s170.78 0 213.371-11.486c23.497-6.321 42.003-24.171 48.284-47.821 11.412-42.867 11.412-132.305 11.412-132.305s0-89.438-11.412-132.305zm-317.51 213.508V175.185l142.739 81.205-142.739 81.201z\"><\/path><\/svg>\t\t\t\t\t<\/a>\n\t\t\t\t<\/span>\n\t\t\t\t\t<\/div>\n\t\t\t\t\t\t<\/div>\n\t\t\t\t<\/div>\n\t\t<div class=\"elementor-element elementor-element-db7afb7 e-con-full e-flex e-con e-child\" data-id=\"db7afb7\" data-element_type=\"container\" data-e-type=\"container\" data-settings=\"{&quot;background_background&quot;:&quot;classic&quot;}\">\n\t\t\t\t<div class=\"elementor-element elementor-element-7dc8e044 elementor-widget elementor-widget-text-editor\" data-id=\"7dc8e044\" data-element_type=\"widget\" data-e-type=\"widget\" data-widget_type=\"text-editor.default\">\n\t\t\t\t\t\t\t\t\t<h2>Endodontista, Dr. F\u0131rat<\/h2><p>Il Dr. F\u0131rat \u00e8 un endodontista esperto, laureato all'Universit\u00e0 S\u00fcleyman Demirel nel 2015 e specializzato in trattamenti canalari, interventi apicali e ritrattamenti di denti precedentemente trattati. Grazie all'impegno per un'odontoiatria senza dolore, il Dr. F\u0131rat \u00e8 conosciuto dai pazienti come \u201cl'antidolorifico\u201d. Combina le sue competenze cliniche con l'empatia e l'attenzione ai dettagli, assicurando che ogni paziente riceva un trattamento preciso, delicato ed efficace. \u00c8 membro dell'Associazione dentale turca e migliora continuamente le sue competenze attraverso certificazioni nazionali.<\/p><p><b>Specialit\u00e0:<\/b><\/p><ul><li>Terapia canalare<\/li><li>Chirurgia apicale (chirurgia endodontica)<\/li><li>Trattamento dei denti traumatizzati<\/li><li>Ritiro endodontico<\/li><\/ul><p><b>Certificati:<br \/><\/b><\/p><ul><li>Certificato di specialit\u00e0 in Endodonzia - 2019<\/li><\/ul><p><b>Lingue:<\/b><\/p><ul><li>Inglese<\/li><li>Turco<\/li><\/ul><p><b>Filosofia:<br \/><\/b>\u201cL'antidolorifico dei miei pazienti sono io\u2019. Questo approccio esprime la dedizione del Dr. F\u0131rat nel fornire trattamenti odontoiatrici privi di dolore e nel garantire che i suoi pazienti lascino il suo studio fiduciosi e a proprio agio.<\/p><p><b>Hobby:<\/b><br \/>Il Dr. F\u0131rat ama lo sport e la musica, mentre non lavora per mantenere uno stile di vita equilibrato e sano.<\/p>\t\t\t\t\t\t\t\t<\/div>\n\t\t\t\t<div class=\"elementor-element elementor-element-6196d91d elementor-widget elementor-widget-heading\" data-id=\"6196d91d\" data-element_type=\"widget\" data-e-type=\"widget\" data-widget_type=\"heading.default\">\n\t\t\t\t\t<h3 class=\"elementor-heading-title elementor-size-default\">Associazioni aderenti<\/h3>\t\t\t\t<\/div>\n\t\t\t\t<div class=\"elementor-element elementor-element-3a725cb2 elementor-widget elementor-widget-text-editor\" data-id=\"3a725cb2\" data-element_type=\"widget\" data-e-type=\"widget\" data-widget_type=\"text-editor.default\">\n\t\t\t\t\t\t\t\t\t<ul><li>TDB, l'Associazione dentale turca<\/li><li>TDB, Associazione dentale di Antalya<\/li><\/ul>\t\t\t\t\t\t\t\t<\/div>\n\t\t\t\t<div class=\"elementor-element elementor-element-835c66a elementor-widget elementor-widget-heading\" data-id=\"835c66a\" data-element_type=\"widget\" data-e-type=\"widget\" data-widget_type=\"heading.default\">\n\t\t\t\t\t<h3 class=\"elementor-heading-title elementor-size-default\">Pubblicazioni<\/h3>\t\t\t\t<\/div>\n\t\t\t\t<div class=\"elementor-element elementor-element-e364b82 elementor-widget elementor-widget-text-editor\" data-id=\"e364b82\" data-element_type=\"widget\" data-e-type=\"widget\" data-widget_type=\"text-editor.default\">\n\t\t\t\t\t\t\t\t\t<p>-<\/p>\t\t\t\t\t\t\t\t<\/div>\n\t\t\t\t<\/div>\n\t\t\t\t<\/div>\n\t\t\t\t<\/div>\n\t\t\t\t\t<\/div>\n\t\t\t\t<\/div>\n\t\t\t\t<\/div>","protected":false},"excerpt":{"rendered":"<p>Dr. F\u0131rat Endodontist, Dr. F\u0131rat Dr. F\u0131rat Endodontist, Dr. F\u0131rat Instagram Facebook Youtube Endodontist, Dr. F\u0131rat Dr. F\u0131rat is an [&hellip;]<\/p>\n","protected":false},"author":1,"featured_media":0,"parent":0,"menu_order":0,"comment_status":"closed","ping_status":"closed","template":"","meta":{"site-sidebar-layout":"no-sidebar","site-content-layout":"","ast-site-content-layout":"full-width-container","site-content-style":"default","site-sidebar-style":"default","ast-global-header-display":"","ast-banner-title-visibility":"","ast-main-header-display":"","ast-hfb-above-header-display":"","ast-hfb-below-header-display":"","ast-hfb-mobile-header-display":"","site-post-title":"disabled","ast-breadcrumbs-content":"","ast-featured-img":"disabled","footer-sml-layout":"","ast-disable-related-posts":"","theme-transparent-header-meta":"default","adv-header-id-meta":"","stick-header-meta":"","header-above-stick-meta":"","header-main-stick-meta":"","header-below-stick-meta":"","astra-migrate-meta-layouts":"set","ast-page-background-enabled":"default","ast-page-background-meta":{"desktop":{"background-color":"var(--ast-global-color-5)","background-image":"","background-repeat":"repeat","background-position":"center center","background-size":"auto","background-attachment":"scroll","background-type":"","background-media":"","overlay-type":"","overlay-color":"","overlay-opacity":"","overlay-gradient":""},"tablet":{"background-color":"","background-image":"","background-repeat":"repeat","background-position":"center center","background-size":"auto","background-attachment":"scroll","background-type":"","background-media":"","overlay-type":"","overlay-color":"","overlay-opacity":"","overlay-gradient":""},"mobile":{"background-color":"","background-image":"","background-repeat":"repeat","background-position":"center center","background-size":"auto","background-attachment":"scroll","background-type":"","background-media":"","overlay-type":"","overlay-color":"","overlay-opacity":"","overlay-gradient":""}},"ast-content-background-meta":{"desktop":{"background-color":"var(--ast-global-color-4)","background-image":"","background-repeat":"repeat","background-position":"center center","background-size":"auto","background-attachment":"scroll","background-type":"","background-media":"","overlay-type":"","overlay-color":"","overlay-opacity":"","overlay-gradient":""},"tablet":{"background-color":"var(--ast-global-color-4)","background-image":"","background-repeat":"repeat","background-position":"center center","background-size":"auto","background-attachment":"scroll","background-type":"","background-media":"","overlay-type":"","overlay-color":"","overlay-opacity":"","overlay-gradient":""},"mobile":{"background-color":"var(--ast-global-color-4)","background-image":"","background-repeat":"repeat","background-position":"center center","background-size":"auto","background-attachment":"scroll","background-type":"","background-media":"","overlay-type":"","overlay-color":"","overlay-opacity":"","overlay-gradient":""}},"footnotes":""},"tags":[],"class_list":["post-1290","page","type-page","status-publish","hentry"],"_links":{"self":[{"href":"https:\/\/smilecenterturkey.com\/it\/wp-json\/wp\/v2\/pages\/1290","targetHints":{"allow":["GET"]}}],"collection":[{"href":"https:\/\/smilecenterturkey.com\/it\/wp-json\/wp\/v2\/pages"}],"about":[{"href":"https:\/\/smilecenterturkey.com\/it\/wp-json\/wp\/v2\/types\/page"}],"author":[{"embeddable":true,"href":"https:\/\/smilecenterturkey.com\/it\/wp-json\/wp\/v2\/users\/1"}],"replies":[{"embeddable":true,"href":"https:\/\/smilecenterturkey.com\/it\/wp-json\/wp\/v2\/comments?post=1290"}],"version-history":[{"count":16,"href":"https:\/\/smilecenterturkey.com\/it\/wp-json\/wp\/v2\/pages\/1290\/revisions"}],"predecessor-version":[{"id":17535,"href":"https:\/\/smilecenterturkey.com\/it\/wp-json\/wp\/v2\/pages\/1290\/revisions\/17535"}],"wp:attachment":[{"href":"https:\/\/smilecenterturkey.com\/it\/wp-json\/wp\/v2\/media?parent=1290"}],"wp:term":[{"taxonomy":"post_tag","embeddable":true,"href":"https:\/\/smilecenterturkey.com\/it\/wp-json\/wp\/v2\/tags?post=1290"}],"curies":[{"name":"wp","href":"https:\/\/api.w.org\/{rel}","templated":true}]}}