{"id":18094,"date":"2026-02-14T12:51:54","date_gmt":"2026-02-14T12:51:54","guid":{"rendered":"https:\/\/smilecenterturkey.com\/?page_id=18094"},"modified":"2026-03-21T21:09:34","modified_gmt":"2026-03-21T21:09:34","slug":"cerez-poli%cc%87ti%cc%87kasi","status":"publish","type":"page","link":"https:\/\/smilecenterturkey.com\/tr\/cerez-poli%cc%87ti%cc%87kasi\/","title":{"rendered":"\u00c7erez Politikas\u0131"},"content":{"rendered":"<div data-elementor-type=\"wp-page\" data-elementor-id=\"18094\" class=\"elementor elementor-18094\" data-elementor-post-type=\"page\">\n\t\t\t\t<div class=\"elementor-element elementor-element-65f827f e-con-full e-flex e-con e-parent\" data-id=\"65f827f\" data-element_type=\"container\" data-e-type=\"container\">\n\t\t<div class=\"elementor-element elementor-element-f09522e e-con-full e-flex e-con e-child\" data-id=\"f09522e\" data-element_type=\"container\" data-e-type=\"container\" data-settings=\"{&quot;background_background&quot;:&quot;classic&quot;}\">\n\t\t\t\t<div class=\"elementor-element elementor-element-c06aa5a elementor-widget__width-auto elementor-widget elementor-widget-html\" data-id=\"c06aa5a\" data-element_type=\"widget\" data-e-type=\"widget\" data-widget_type=\"html.default\">\n\t\t\t\t\t<svg width=\"30\" height=\"33\" viewbox=\"0 0 30 33\" fill=\"none\" xmlns=\"http:\/\/www.w3.org\/2000\/svg\">\n                    <path fill-rule=\"evenodd\" clip-rule=\"evenodd\" d=\"M14.9598 0.55499C12.9042 13.5398 0 17.2086 0 17.2086C4.72563 17.2086 14.0018 21.9193 14.9598 30.6203V32.0982C14.9598 31.7427 14.9734 31.3932 15 31.0497C15.0266 31.3932 15.0402 31.7427 15.0402 32.0982V30.6203C15.9982 21.9193 25.2744 17.2086 30 17.2086C30 17.2086 17.0958 13.5398 15.0402 0.55499V0C15.0274 0.0972397 15.014 0.193973 15 0.290203C14.986 0.193973 14.9726 0.0972397 14.9598 0V0.55499Z\" fill=\"#fff\"><\/path>\n                <\/svg>\t\t\t\t<\/div>\n\t\t\t\t<div class=\"elementor-element elementor-element-0291c26 elementor-widget-divider--view-line_text elementor-widget-divider--element-align-center elementor-widget elementor-widget-divider\" data-id=\"0291c26\" data-element_type=\"widget\" data-e-type=\"widget\" data-widget_type=\"divider.default\">\n\t\t\t\t\t\t\t<div class=\"elementor-divider\">\n\t\t\t<span class=\"elementor-divider-separator\">\n\t\t\t\t\t\t\t<h6 class=\"elementor-divider__text elementor-divider__element\">\n\t\t\t\tSmile Center Turkey\t\t\t\t<\/h6>\n\t\t\t\t\t\t<\/span>\n\t\t<\/div>\n\t\t\t\t\t\t<\/div>\n\t\t\t\t<div class=\"elementor-element elementor-element-2d5bb3d elementor-widget elementor-widget-heading\" data-id=\"2d5bb3d\" data-element_type=\"widget\" data-e-type=\"widget\" data-widget_type=\"heading.default\">\n\t\t\t\t\t<h1 class=\"elementor-heading-title elementor-size-default\">\u00c7erez Politikas\u0131<\/h1>\t\t\t\t<\/div>\n\t\t\t\t<\/div>\n\t\t\t\t<\/div>\n\t\t<div class=\"elementor-element elementor-element-a902a2c e-con-full e-flex e-con e-parent\" data-id=\"a902a2c\" data-element_type=\"container\" data-e-type=\"container\">\n\t\t\t\t<div class=\"elementor-element elementor-element-3e5aff1 elementor-widget__width-initial elementor-widget elementor-widget-html\" data-id=\"3e5aff1\" data-element_type=\"widget\" data-e-type=\"widget\" data-widget_type=\"html.default\">\n\t\t\t\t\t\n<style>\nhtml,\nbody {\n  margin: 0;\n  padding: 0;\n  overflow-x: hidden;\n}\n\n#sct,\n#sct * {\n  box-sizing: border-box;\n  min-width: 0;\n}\n\n#sct {\n  --pad: calc(1.5cm \/ 2);\n  --read: 900px;\n  --ink: #0b1220;\n  --muted: #5c667d;\n  --line: #e9eef5;\n  --brand: #0b6efd;\n  --brand-ink: #0a4fbf;\n  --soft: #f7fbff;\n  --warn-bg: #fff8e8;\n  --warn-line: #ffd27a;\n\n  width: 100%;\n  max-width: var(--read);\n  margin-left: 0;\n  margin-right: auto;\n  padding-left: max(var(--pad), env(safe-area-inset-left, 0px));\n  padding-right: max(var(--pad), env(safe-area-inset-right, 0px));\n  color: var(--ink);\n  font: clamp(16px, 3.6vw, 17.5px)\/1.8 \"Raleway\", system-ui, -apple-system, \"Segoe UI\", Roboto, Arial, sans-serif;\n  text-align: left;\n  overflow-wrap: break-word;\n}\n\n.entry-content #sct,\n.wp-block-post-content #sct,\n.post-inner #sct,\n.elementor-widget-container #sct {\n  width: 100% !important;\n  max-width: var(--read) !important;\n  margin-left: 0 !important;\n  margin-right: auto !important;\n}\n\n@media (max-width: 1024px) {\n  .entry-content,\n  .wp-block-post-content,\n  .post-inner,\n  .container,\n  .site-content,\n  .content-area,\n  .site-main {\n    max-width: 100% !important;\n    width: 100% !important;\n    margin: 0 !important;\n    padding-left: 0 !important;\n    padding-right: 0 !important;\n  }\n\n  #sct {\n    width: 100% !important;\n    max-width: 100% !important;\n    margin-left: 0 !important;\n    margin-right: 0 !important;\n    padding-left: max(5px, env(safe-area-inset-left, 0px)) !important;\n    padding-right: max(5px, env(safe-area-inset-right, 0px)) !important;\n  }\n}\n\n#sct header {\n  margin-top: 0.85rem;\n}\n\n#sct h1 {\n  font: 800 clamp(30px, 6.8vw, 38px)\/1.16 \"Raleway\", system-ui, sans-serif;\n  margin: 0.7rem 0 0.6rem;\n  letter-spacing: -0.02em;\n}\n\n#sct h2 {\n  font: 800 clamp(22px, 4.8vw, 28px)\/1.22 \"Raleway\", system-ui, sans-serif;\n  margin: 1.4rem 0 0.65rem;\n}\n\n#sct h3 {\n  font: 700 clamp(17px, 4vw, 20px)\/1.3 \"Raleway\", system-ui, sans-serif;\n  margin: 1rem 0 0.45rem;\n}\n\n#sct p {\n  margin: 0.72rem 0;\n}\n\n#sct ul,\n#sct ol {\n  margin: 0.52rem 0 0.95rem;\n  padding: 0 0 0 1.15rem;\n}\n\n#sct li {\n  margin: 0.24rem 0;\n}\n\n#sct a {\n  color: var(--brand-ink);\n  text-underline-offset: 2px;\n}\n\n#sct .eyebrow {\n  display: inline-block;\n  background: #eef5ff;\n  border: 1px solid #d7e6ff;\n  border-radius: 999px;\n  padding: 6px 10px;\n  font: 600 12px\/1 \"Raleway\", system-ui;\n  letter-spacing: 0.55px;\n  text-transform: uppercase;\n  color: var(--brand-ink);\n  margin: 0.35rem 0;\n}\n\n#sct .lead {\n  color: var(--muted);\n}\n\n#sct .updated {\n  display: inline-flex;\n  gap: 0.55rem;\n  align-items: center;\n  font: 600 12.5px\/1.2 system-ui;\n  color: var(--brand);\n  background: #eef5ff;\n  border: 1px solid #d7e6ff;\n  padding: 7px 11px;\n  border-radius: 12px;\n  margin: 0.4rem 0 1rem;\n}\n\n#sct .updated .dot {\n  width: 8px;\n  height: 8px;\n  border-radius: 50%;\n  background: var(--brand);\n  display: inline-block;\n}\n\n#sct .note {\n  background: var(--soft);\n  border: 1px dashed #cfe0ff;\n  border-radius: 12px;\n  padding: 12px 14px;\n  color: #213457;\n  margin: 12px 0;\n}\n\n#sct .warn {\n  background: var(--warn-bg);\n  border: 1px solid var(--warn-line);\n  border-radius: 12px;\n  padding: 12px 14px;\n  margin: 12px 0;\n}\n\n#sct .toc {\n  background: #fbfdff;\n  border: 1px solid var(--line);\n  border-radius: 12px;\n  padding: 12px 14px;\n  margin: 12px 0;\n}\n\n#sct .toc ol {\n  margin: 0.4rem 0 0;\n}\n\n#sct .table-wrap {\n  width: 100%;\n  overflow-x: auto;\n  border: 1px solid var(--line);\n  border-radius: 12px;\n  margin: 0.95rem 0 1.1rem;\n  background: #fff;\n}\n\n#sct table {\n  width: 100%;\n  border-collapse: collapse;\n  min-width: 720px;\n}\n\n#sct th,\n#sct td {\n  text-align: left;\n  vertical-align: top;\n  padding: 10px 12px;\n  border-bottom: 1px solid #eef2f7;\n  font-size: 15px;\n  line-height: 1.55;\n}\n\n#sct th {\n  background: #f7fbff;\n  color: #203252;\n  font-weight: 700;\n}\n\n#sct tbody tr:last-child td {\n  border-bottom: 0;\n}\n<\/style>\n\n<main id=\"sct\" role=\"main\" aria-label=\"Smile Center T\u00fcrkiye i\u00e7in \u00c7erez Politikas\u0131\">\n  <header>\n    <span class=\"eyebrow\">Yasal<\/span>\n    <p class=\"lead\">Bu \u00c7erez Politikas\u0131, Smile Center T\u00fcrkiye'nin \u00e7erezleri ve benzer teknolojileri nas\u0131l kulland\u0131\u011f\u0131n\u0131 a\u00e7\u0131klamaktad\u0131r. <a href=\"https:\/\/smilecenterturkey.com\/tr\/\">smilecenterturkey.com<\/a>, ve onlar\u0131 nas\u0131l kontrol edebilece\u011finiz.<\/p>\n    <div class=\"updated\"><span class=\"dot\"><\/span><span>Last updated: 22 March 2026<\/span><\/div>\n  <\/header>\n\n  <section class=\"toc\" aria-label=\"\u00c7erez Politikas\u0131 i\u00e7eri\u011fi\">\n    <strong>\u0130\u00e7indekiler<\/strong>\n    <ol>\n      <li><a href=\"#who-we-are\">Biz Kimiz<\/a><\/li>\n      <li><a href=\"#what-are-cookies\">\u00c7erezler nedir<\/a><\/li>\n      <li><a href=\"#cookie-categories\">Kulland\u0131\u011f\u0131m\u0131z \u00e7erez kategorileri<\/a><\/li>\n      <li><a href=\"#cookie-list\">\u00c7erez listesi (g\u00f6sterge niteli\u011finde)<\/a><\/li>\n      <li><a href=\"#manage-cookies\">\u00c7erezler nas\u0131l y\u00f6netilir<\/a><\/li>\n      <li><a href=\"#legal-basis\">Yasal dayanak<\/a><\/li>\n      <li><a href=\"#transfers\">Uluslararas\u0131 veri transferleri<\/a><\/li>\n      <li><a href=\"#updates\">Bu politikada yap\u0131lan de\u011fi\u015fiklikler<\/a><\/li>\n      <li><a href=\"#contact\">Bize ula\u015f\u0131n<\/a><\/li>\n    <\/ol>\n  <\/section>\n\n  <section id=\"who-we-are\">\n    <h2>1. Biz Kimiz<\/h2>\n    <p>Smile Center T\u00fcrkiye, yerel ve uluslararas\u0131 hastalar i\u00e7in di\u015f hekimli\u011fi hizmetleri sunmaktad\u0131r. Bu politika \u015fu adresteki web sitemiz arac\u0131l\u0131\u011f\u0131yla toplanan bilgiler i\u00e7in ge\u00e7erlidir <a href=\"https:\/\/smilecenterturkey.com\/tr\/\">smilecenterturkey.com<\/a>.<\/p>\n    <p>\u00c7erezlerin \u00f6tesinde ki\u015fisel veri detaylar\u0131 i\u00e7in l\u00fctfen <a href=\"https:\/\/smilecenterturkey.com\/tr\/gizlilik-politikasi\/\">Gizlilik Politikas\u0131<\/a>.<\/p>\n  <\/section>\n\n  <section id=\"what-are-cookies\">\n    <h2>2. \u00c7erezler Nedir?<\/h2>\n    <p>\u00c7erezler, bir web sitesini ziyaret etti\u011finizde cihaz\u0131n\u0131zda depolanan k\u00fc\u00e7\u00fck metin dosyalar\u0131d\u0131r. Web sitelerinin do\u011fru \u00e7al\u0131\u015fmas\u0131na yard\u0131mc\u0131 olur, g\u00fcvenli\u011fi art\u0131r\u0131r, tercihleri hat\u0131rlar ve site performans\u0131 hakk\u0131nda analizler sa\u011flar.<\/p>\n    <p>Benzer ama\u00e7lar i\u00e7in benzer teknolojileri (yerel depolama ve pikseller gibi) de kullanabiliriz.<\/p>\n  <\/section>\n\n  <section id=\"cookie-categories\">\n    <h2>3. Kulland\u0131\u011f\u0131m\u0131z \u00c7erez Kategorileri<\/h2>\n    <h3>Kesinlikle gerekli \u00e7erezler<\/h3>\n    <p>Bu \u00e7erezler g\u00fcvenlik, y\u00fck dengeleme ve onay depolama gibi temel web sitesi i\u015flevleri i\u00e7in gereklidir. Kesinlikle gerekli oldu\u011fu durumlarda ge\u00e7erli kurallar uyar\u0131nca onay gerektirmezler.<\/p>\n\n    <h3>Analitik \u00e7erezler<\/h3>\n    <p>Bu \u00e7erezler, ziyaret\u00e7ilerin sitemizi nas\u0131l kulland\u0131\u011f\u0131n\u0131 anlamam\u0131za yard\u0131mc\u0131 olur, b\u00f6ylece i\u00e7eri\u011fi, gezinmeyi ve performans\u0131 iyile\u015ftirebiliriz. Yaln\u0131zca gerekli iznin verildi\u011fi durumlarda gerekli olmayan analiz \u00e7erezleri yerle\u015ftiririz.<\/p>\n\n    <h3>Fonksiyonel \u00e7erezler<\/h3>\n    <p>Bu \u00e7erezler, daha tutarl\u0131 bir kullan\u0131c\u0131 deneyimi sa\u011flamak i\u00e7in tercihlerinizi (\u00f6rne\u011fin, dil veya b\u00f6lge) hat\u0131rlar.<\/p>\n\n    <h3>Reklam \u00e7erezleri<\/h3>\n    <p>Etkinle\u015ftirilirse, bu \u00e7erezler pazarlama platformlar\u0131 taraf\u0131ndan kampanya etkinli\u011fini \u00f6l\u00e7mek ve daha alakal\u0131 reklamlar sunmak i\u00e7in kullan\u0131labilir. Bunlar iste\u011fe ba\u011fl\u0131d\u0131r ve yasal olarak gerekli oldu\u011fu durumlarda onay gerektirir.<\/p>\n  <\/section>\n\n  <section id=\"cookie-list\">\n    <h2>4. \u00c7erez Listesi (G\u00f6sterge Niteli\u011finde)<\/h2>\n    <p>Web sitesi ara\u00e7lar\u0131 g\u00fcncellendik\u00e7e tam \u00e7erezler zaman i\u00e7inde de\u011fi\u015febilir. En g\u00fcncel g\u00f6r\u00fcn\u00fcm, \u00e7erez ba\u015fl\u0131\u011f\u0131m\u0131z veya tercih merkezimiz arac\u0131l\u0131\u011f\u0131yla her zaman mevcuttur.<\/p>\n\n    <div class=\"table-wrap\" role=\"region\" aria-label=\"G\u00f6sterge niteli\u011findeki \u00e7erez listesi\">\n      <table>\n        <thead>\n          <tr>\n            <th>\u00c7erez ad\u0131<\/th>\n            <th>Sa\u011flay\u0131c\u0131<\/th>\n            <th>Ama\u00e7<\/th>\n            <th>Kategori<\/th>\n            <th>Tipik s\u00fcre<\/th>\n          <\/tr>\n        <\/thead>\n        <tbody>\n          <tr>\n            <td>cookie_consent<\/td>\n            <td>smilecenterturkey.com<\/td>\n            <td>Kullan\u0131c\u0131 \u00e7erez onay\u0131 se\u00e7eneklerini saklar.<\/td>\n            <td>Kesinlikle gerekli<\/td>\n            <td>6 aya kadar<\/td>\n          <\/tr>\n          <tr>\n            <td>__cf_bm \/ _cfuvid<\/td>\n            <td>Cloudflare<\/td>\n            <td>Bot korumas\u0131, trafik y\u00f6netimi ve site g\u00fcvenli\u011fi.<\/td>\n            <td>Kesinlikle gerekli<\/td>\n            <td>30 dakikaya kadar oturum<\/td>\n          <\/tr>\n          <tr>\n            <td>_ga \/ _ga_*<\/td>\n            <td>Google Analytics<\/td>\n            <td>Kullan\u0131c\u0131lar\u0131 ay\u0131rt eder ve web sitesi kullan\u0131m\u0131n\u0131 \u00f6l\u00e7er.<\/td>\n            <td>Analitik<\/td>\n            <td>2 y\u0131la kadar<\/td>\n          <\/tr>\n          <tr>\n            <td>_gid<\/td>\n            <td>Google Analytics<\/td>\n            <td>Ziyaret edilen her sayfa i\u00e7in benzersiz bir de\u011fer depolar ve g\u00fcnceller.<\/td>\n            <td>Analitik<\/td>\n            <td>24 saate kadar<\/td>\n          <\/tr>\n          <tr>\n            <td>wp-wpml_current_language (e\u011fer kullan\u0131l\u0131yorsa)<\/td>\n            <td>smilecenterturkey.com<\/td>\n            <td>Se\u00e7ilen dil tercihini hat\u0131rlar.<\/td>\n            <td>Fonksiyonel<\/td>\n            <td>Oturum<\/td>\n          <\/tr>\n          <tr>\n            <td>_fbp (e\u011fer kullan\u0131l\u0131yorsa)<\/td>\n            <td>Meta<\/td>\n            <td>Reklam performans\u0131n\u0131 ve ili\u015fkilendirmeyi \u00f6l\u00e7meye yard\u0131mc\u0131 olur.<\/td>\n            <td>Reklamc\u0131l\u0131k<\/td>\n            <td>3 aya kadar<\/td>\n          <\/tr>\n        <\/tbody>\n      <\/table>\n    <\/div>\n\n    <div class=\"note\">\n      <strong>\u00d6nemli:<\/strong> \u00e7erez adlar\u0131 ve s\u00fcreleri taray\u0131c\u0131ya, cihaza ve aktif entegrasyonlara g\u00f6re de\u011fi\u015febilir.\n    <\/div>\n  <\/section>\n\n  <section id=\"manage-cookies\">\n    <h2>5. \u00c7erezler Nas\u0131l Y\u00f6netilir<\/h2>\n    <p>Gerekli olmayan \u00e7erez tercihlerinizi istedi\u011finiz zaman \u00e7erez ba\u015fl\u0131\u011f\u0131m\u0131z veya sitede bulunan \u00e7erez ayarlar\u0131 ba\u011flant\u0131s\u0131 arac\u0131l\u0131\u011f\u0131yla y\u00f6netebilirsiniz.<\/p>\n    <ul>\n      <li>T\u00fcm \u00e7erezleri kabul et<\/li>\n      <li>Gerekli olmayan \u00e7erezleri reddetme<\/li>\n      <li>Kategori d\u00fczeyinde tercihler se\u00e7in<\/li>\n      <li>\u0130stedi\u011finiz zaman onay\u0131n\u0131z\u0131 geri \u00e7ekebilir veya de\u011fi\u015ftirebilirsiniz<\/li>\n    <\/ul>\n    <p>\u00c7erezleri taray\u0131c\u0131 ayarlar\u0131n\u0131zdan da engelleyebilirsiniz. Kesinlikle gerekli \u00e7erezlerin engellenmesinin web sitesinin i\u015flevselli\u011fini etkileyebilece\u011fini l\u00fctfen unutmay\u0131n.<\/p>\n    <p>Yararl\u0131 taray\u0131c\u0131 k\u0131lavuzlar\u0131: <a href=\"https:\/\/support.google.com\/chrome\/answer\/95647\" target=\"_blank\" rel=\"noopener\">Krom<\/a>, <a href=\"https:\/\/support.mozilla.org\/en-US\/kb\/enhanced-tracking-protection-firefox-desktop\" target=\"_blank\" rel=\"noopener\">Firefox<\/a>, <a href=\"https:\/\/support.apple.com\/en-gb\/guide\/safari\/sfri11471\/mac\" target=\"_blank\" rel=\"noopener\">Safari<\/a>, <a href=\"https:\/\/support.microsoft.com\/en-gb\/microsoft-edge\/delete-cookies-in-microsoft-edge-63947406-40ac-c3b8-57b9-2a946a29ae09\" target=\"_blank\" rel=\"noopener\">Kenar<\/a>.<\/p>\n  <\/section>\n\n  <section id=\"legal-basis\">\n    <h2>6. Yasal Dayanak<\/h2>\n    <p>Birle\u015fik Krall\u0131k\/AB kurallar\u0131n\u0131n ge\u00e7erli oldu\u011fu durumlarda, g\u00fcvenli ve i\u015flevsel bir web sitesi sa\u011flamaya y\u00f6nelik me\u015fru menfaat temelinde kesinlikle gerekli \u00e7erezleri i\u015fleriz. Gerekli olmayan \u00e7erezler sizin izninize dayal\u0131 olarak i\u015flenir.<\/p>\n    <p>\u0130lgili \u00e7er\u00e7eveler, bulundu\u011funuz yere ve hizmetlerimize nas\u0131l eri\u015fti\u011finize ba\u011fl\u0131 olarak Birle\u015fik Krall\u0131k GDPR, AB GDPR ve ePrivacy\/PECR gerekliliklerini i\u00e7erebilir.<\/p>\n  <\/section>\n\n  <section id=\"transfers\">\n    <h2>7. Uluslararas\u0131 Veri Aktar\u0131mlar\u0131<\/h2>\n    <p>Baz\u0131 \u00e7erez sa\u011flay\u0131c\u0131lar\u0131 verileri ikamet etti\u011finiz \u00fclke d\u0131\u015f\u0131nda i\u015fler. Gerekti\u011finde, ge\u00e7erli veri koruma yasas\u0131 kapsam\u0131nda s\u00f6zle\u015fmeye dayal\u0131 g\u00fcvenceler ve sa\u011flay\u0131c\u0131 uyum mekanizmalar\u0131 gibi uygun g\u00fcvenceleri uygular\u0131z.<\/p>\n  <\/section>\n\n  <section id=\"updates\">\n    <h2>8. Bu Politikada Yap\u0131lan De\u011fi\u015fiklikler<\/h2>\n    <p>Yasal de\u011fi\u015fiklikleri, teknik g\u00fcncellemeleri veya hizmet de\u011fi\u015fikliklerini yans\u0131tmak i\u00e7in bu \u00c7erez Politikas\u0131n\u0131 zaman zaman g\u00fcncelleyebiliriz. En son s\u00fcr\u00fcm, g\u00fcncellenme tarihi en \u00fcstte g\u00f6sterilecek \u015fekilde her zaman bu sayfada yay\u0131nlanacakt\u0131r.<\/p>\n  <\/section>\n\n  <section id=\"contact\">\n    <h2>9. Bize Ula\u015f\u0131n<\/h2>\n    <p>Bu \u00c7erez Politikas\u0131 veya gizlilik tercihleriniz hakk\u0131nda sorular\u0131n\u0131z varsa, l\u00fctfen bizimle \u015fu yollarla ileti\u015fime ge\u00e7in <a href=\"https:\/\/smilecenterturkey.com\/tr\/iletisim\/\">i\u0307leti\u0307\u015fi\u0307m sayfamiz<\/a>.<\/p>\n    <div class=\"warn\">\n      Bu sayfa, ortak Birle\u015fik Krall\u0131k\/AB \u00e7erez gereksinimleri ile uyumlu pratik bir politika \u015fablonudur. Faaliyetlerinize \u00f6zel resmi yasal do\u011frulama i\u00e7in, yay\u0131nlamadan \u00f6nce yasal inceleme al\u0131n.\n    <\/div>\n  <\/section>\n<\/main>\n\t\t\t\t<\/div>\n\t\t\t\t<\/div>\n\t\t\t\t<\/div>","protected":false},"excerpt":{"rendered":"<p>Smile Center Turkey Cookie Policy Legal This Cookie Policy explains how Smile Center Turkey uses cookies and similar technologies on [&hellip;]<\/p>\n","protected":false},"author":6,"featured_media":0,"parent":0,"menu_order":0,"comment_status":"closed","ping_status":"closed","template":"","meta":{"site-sidebar-layout":"no-sidebar","site-content-layout":"","ast-site-content-layout":"full-width-container","site-content-style":"default","site-sidebar-style":"default","ast-global-header-display":"","ast-banner-title-visibility":"","ast-main-header-display":"","ast-hfb-above-header-display":"","ast-hfb-below-header-display":"","ast-hfb-mobile-header-display":"","site-post-title":"disabled","ast-breadcrumbs-content":"","ast-featured-img":"","footer-sml-layout":"","ast-disable-related-posts":"","theme-transparent-header-meta":"default","adv-header-id-meta":"","stick-header-meta":"","header-above-stick-meta":"","header-main-stick-meta":"","header-below-stick-meta":"","astra-migrate-meta-layouts":"set","ast-page-background-enabled":"default","ast-page-background-meta":{"desktop":{"background-color":"var(--ast-global-color-5)","background-image":"","background-repeat":"repeat","background-position":"center center","background-size":"auto","background-attachment":"scroll","background-type":"","background-media":"","overlay-type":"","overlay-color":"","overlay-opacity":"","overlay-gradient":""},"tablet":{"background-color":"","background-image":"","background-repeat":"repeat","background-position":"center center","background-size":"auto","background-attachment":"scroll","background-type":"","background-media":"","overlay-type":"","overlay-color":"","overlay-opacity":"","overlay-gradient":""},"mobile":{"background-color":"","background-image":"","background-repeat":"repeat","background-position":"center center","background-size":"auto","background-attachment":"scroll","background-type":"","background-media":"","overlay-type":"","overlay-color":"","overlay-opacity":"","overlay-gradient":""}},"ast-content-background-meta":{"desktop":{"background-color":"var(--ast-global-color-4)","background-image":"","background-repeat":"repeat","background-position":"center center","background-size":"auto","background-attachment":"scroll","background-type":"","background-media":"","overlay-type":"","overlay-color":"","overlay-opacity":"","overlay-gradient":""},"tablet":{"background-color":"var(--ast-global-color-4)","background-image":"","background-repeat":"repeat","background-position":"center center","background-size":"auto","background-attachment":"scroll","background-type":"","background-media":"","overlay-type":"","overlay-color":"","overlay-opacity":"","overlay-gradient":""},"mobile":{"background-color":"var(--ast-global-color-4)","background-image":"","background-repeat":"repeat","background-position":"center center","background-size":"auto","background-attachment":"scroll","background-type":"","background-media":"","overlay-type":"","overlay-color":"","overlay-opacity":"","overlay-gradient":""}},"footnotes":""},"tags":[],"class_list":["post-18094","page","type-page","status-publish","hentry"],"_links":{"self":[{"href":"https:\/\/smilecenterturkey.com\/tr\/wp-json\/wp\/v2\/pages\/18094","targetHints":{"allow":["GET"]}}],"collection":[{"href":"https:\/\/smilecenterturkey.com\/tr\/wp-json\/wp\/v2\/pages"}],"about":[{"href":"https:\/\/smilecenterturkey.com\/tr\/wp-json\/wp\/v2\/types\/page"}],"author":[{"embeddable":true,"href":"https:\/\/smilecenterturkey.com\/tr\/wp-json\/wp\/v2\/users\/6"}],"replies":[{"embeddable":true,"href":"https:\/\/smilecenterturkey.com\/tr\/wp-json\/wp\/v2\/comments?post=18094"}],"version-history":[{"count":19,"href":"https:\/\/smilecenterturkey.com\/tr\/wp-json\/wp\/v2\/pages\/18094\/revisions"}],"predecessor-version":[{"id":19326,"href":"https:\/\/smilecenterturkey.com\/tr\/wp-json\/wp\/v2\/pages\/18094\/revisions\/19326"}],"wp:attachment":[{"href":"https:\/\/smilecenterturkey.com\/tr\/wp-json\/wp\/v2\/media?parent=18094"}],"wp:term":[{"taxonomy":"post_tag","embeddable":true,"href":"https:\/\/smilecenterturkey.com\/tr\/wp-json\/wp\/v2\/tags?post=18094"}],"curies":[{"name":"wp","href":"https:\/\/api.w.org\/{rel}","templated":true}]}}