{"id":2174,"date":"2025-04-06T21:33:20","date_gmt":"2025-04-06T21:33:20","guid":{"rendered":"https:\/\/smilecenterturkey.com\/?page_id=2174"},"modified":"2026-03-23T14:22:43","modified_gmt":"2026-03-23T14:22:43","slug":"kozmetik-dis-hekimligi","status":"publish","type":"page","link":"https:\/\/smilecenterturkey.com\/tr\/kozmetik-dis-hekimligi\/","title":{"rendered":"Estetik Di\u015f Hekimli\u011fi"},"content":{"rendered":"<div data-elementor-type=\"wp-page\" data-elementor-id=\"2174\" class=\"elementor elementor-2174\" data-elementor-post-type=\"page\">\n\t\t\t\t<div class=\"elementor-element elementor-element-f7efd1b e-flex e-con-boxed e-con e-parent\" data-id=\"f7efd1b\" data-element_type=\"container\" data-e-type=\"container\" data-settings=\"{&quot;background_background&quot;:&quot;classic&quot;}\">\n\t\t\t\t\t<div class=\"e-con-inner\">\n\t\t<div class=\"elementor-element elementor-element-780493c e-con-full e-flex e-con e-child\" data-id=\"780493c\" data-element_type=\"container\" data-e-type=\"container\">\n\t\t\t\t<div class=\"elementor-element elementor-element-cb1eefb elementor-widget__width-auto elementor-widget elementor-widget-html\" data-id=\"cb1eefb\" data-element_type=\"widget\" data-e-type=\"widget\" data-widget_type=\"html.default\">\n\t\t\t\t\t<svg width=\"30\" height=\"33\" viewbox=\"0 0 30 33\" fill=\"none\" xmlns=\"http:\/\/www.w3.org\/2000\/svg\">\n                    <path fill-rule=\"evenodd\" clip-rule=\"evenodd\" d=\"M14.9598 0.55499C12.9042 13.5398 0 17.2086 0 17.2086C4.72563 17.2086 14.0018 21.9193 14.9598 30.6203V32.0982C14.9598 31.7427 14.9734 31.3932 15 31.0497C15.0266 31.3932 15.0402 31.7427 15.0402 32.0982V30.6203C15.9982 21.9193 25.2744 17.2086 30 17.2086C30 17.2086 17.0958 13.5398 15.0402 0.55499V0C15.0274 0.0972397 15.014 0.193973 15 0.290203C14.986 0.193973 14.9726 0.0972397 14.9598 0V0.55499Z\" fill=\"#fff\"><\/path>\n                <\/svg>\t\t\t\t<\/div>\n\t\t\t\t<div class=\"elementor-element elementor-element-97ca704 elementor-widget elementor-widget-heading\" data-id=\"97ca704\" data-element_type=\"widget\" data-e-type=\"widget\" data-widget_type=\"heading.default\">\n\t\t\t\t\t<h1 class=\"elementor-heading-title elementor-size-default\">Estetik Di\u015f Hekimli\u011fi<\/h1>\t\t\t\t<\/div>\n\t\t\t\t<div class=\"elementor-element elementor-element-c40ab33 elementor-widget-divider--view-line_text elementor-widget-divider--element-align-center elementor-widget elementor-widget-divider\" data-id=\"c40ab33\" data-element_type=\"widget\" data-e-type=\"widget\" data-widget_type=\"divider.default\">\n\t\t\t\t\t\t\t<div class=\"elementor-divider\">\n\t\t\t<span class=\"elementor-divider-separator\">\n\t\t\t\t\t\t\t<h6 class=\"elementor-divider__text elementor-divider__element\">\n\t\t\t\tSmile Center Turkey\t\t\t\t<\/h6>\n\t\t\t\t\t\t<\/span>\n\t\t<\/div>\n\t\t\t\t\t\t<\/div>\n\t\t\t\t<\/div>\n\t\t\t\t\t<\/div>\n\t\t\t\t<\/div>\n\t\t\t\t<section class=\"elementor-section elementor-top-section elementor-element elementor-element-0wai44n elementor-section-boxed elementor-section-height-default elementor-section-height-default\" data-id=\"0wai44n\" data-element_type=\"section\" data-e-type=\"section\" data-settings=\"{&quot;background_background&quot;:&quot;classic&quot;}\">\n\t\t\t\t\t\t<div class=\"elementor-container elementor-column-gap-default\">\n\t\t\t\t\t<div class=\"elementor-column elementor-col-100 elementor-top-column elementor-element elementor-element-a316026\" data-id=\"a316026\" data-element_type=\"column\" data-e-type=\"column\">\n\t\t\t<div class=\"elementor-widget-wrap elementor-element-populated\">\n\t\t\t\t\t\t<div class=\"elementor-element elementor-element-dc83cc1 elementor-widget elementor-widget-heading\" data-id=\"dc83cc1\" data-element_type=\"widget\" data-e-type=\"widget\" data-widget_type=\"heading.default\">\n\t\t\t\t\t<h2 class=\"elementor-heading-title elementor-size-default\">Kozmetik Di\u015f Hekimli\u011fi T\u00fcrkiye<\/h2>\t\t\t\t<\/div>\n\t\t<div class=\"elementor-element elementor-element-52a1510 e-flex e-con-boxed e-con e-parent\" data-id=\"52a1510\" data-element_type=\"container\" data-e-type=\"container\">\n\t\t\t\t\t<div class=\"e-con-inner\">\n\t\t\t\t<div class=\"elementor-element elementor-element-307e7a4 elementor-widget elementor-widget-ucaddon_post_carousel\" data-id=\"307e7a4\" data-element_type=\"widget\" data-e-type=\"widget\" data-widget_type=\"ucaddon_post_carousel.default\">\n\t\t\t\t<div class=\"elementor-widget-container\">\n\t\t\t\t\t\n<!-- start Post Carousel -->\n\t\t<link id='font-awesome-css' href='https:\/\/smilecenterturkey.com\/wp-content\/plugins\/unlimited-elements-for-elementor\/assets_libraries\/font-awesome6\/fontawesome-all.min.css' type='text\/css' rel='stylesheet' >\n\t\t<link id='font-awesome-4-shim-css' href='https:\/\/smilecenterturkey.com\/wp-content\/plugins\/unlimited-elements-for-elementor\/assets_libraries\/font-awesome6\/fontawesome-v4-shims.min.css' type='text\/css' rel='stylesheet' >\n\t\t<link id='owl-carousel-css' href='https:\/\/smilecenterturkey.com\/wp-content\/plugins\/unlimited-elements-for-elementor\/assets_libraries\/owl-carousel-new\/assets\/owl.carousel.css' type='text\/css' rel='stylesheet' >\n\t\t<link id='lity-css' href='https:\/\/smilecenterturkey.com\/wp-content\/plugins\/unlimited-elements-for-elementor\/assets_libraries\/lity\/lity.min.css' type='text\/css' rel='stylesheet' >\n\n<style>\/* widget: Post Carousel *\/\n\n#uc_post_carousel_elementor_307e7a4-wrapper{\n  min-height:1px;\n}\n\n#uc_post_carousel_elementor_307e7a4 *{\n  box-sizing:border-box;\n}\n\n#uc_post_carousel_elementor_307e7a4 .ue-grid-item-category a{\n  white-space: nowrap;\n}\n\n\n#uc_post_carousel_elementor_307e7a4{\n  position:relative;\n}\n\n.uc_post_title{\n  font-size:21px;\n}\n\n#uc_post_carousel_elementor_307e7a4 .ue-item{\n  transition:0.3s;\n  position:relative;\n}\n\n#uc_post_carousel_elementor_307e7a4 .uc_image_carousel_placeholder{\n  position:relative;\n}\n\n#uc_post_carousel_elementor_307e7a4 .ue_pos_carousel_image_overlay{\n  position:absolute;\n  top:0;\n  bottom:0;\n  left:0;\n  right:0;\n  transition:0.3s;\n}\n\n#uc_post_carousel_elementor_307e7a4 .owl-stage{\n  display:flex;\n}\n\n#uc_post_carousel_elementor_307e7a4 .uc_image_carousel_container_holder{\n  display: flex;\n  flex-direction: column;\n  height: 100%;\n}\n\n#uc_post_carousel_elementor_307e7a4 .uc_image_carousel_content{\n  flex-grow: 1;\n  }\n\n\n#uc_post_carousel_elementor_307e7a4 .uc_carousel_item{\n  overflow:hidden;\n}\n\n#uc_post_carousel_elementor_307e7a4 .owl-nav .owl-prev{\n    position:absolute;\n    display:inline-block;\n    text-align:center;  \t\n    \t\n\n}\n#uc_post_carousel_elementor_307e7a4 .owl-nav .owl-next{\n  position:absolute;\n  display:inline-block;\n  text-align:center;\n  \t\n}\n\n\n#uc_post_carousel_elementor_307e7a4 .owl-dots {\n  overflow:hidden;\n  display:flex !important;\n}\n\n#uc_post_carousel_elementor_307e7a4 .owl-dot {\n  border-radius:50%;\n  display:inline-block;\n  padding: 0;\n}\n\n#uc_post_carousel_elementor_307e7a4 .uc_more_btn{\n  display:inline-block;\n  text-align:center;\n  text-decoration:none;\n}  \n\n#uc_post_carousel_elementor_307e7a4 .uc_more_btn svg{\n  width:1em;\n  height:1em;\n}\n\n#uc_post_carousel_elementor_307e7a4 .uc_image_carousel_placeholder{\n  overflow:hidden;\n}\n#uc_post_carousel_elementor_307e7a4 .uc_image_carousel_placeholder img{\n  display:block;\n  width:100%;\n}\n\n#uc_post_carousel_elementor_307e7a4 .uc_image_carousel_content {\n  display:flex;\n  flex-direction:column;\n}\n\n\t\n\n\n\n\n\n\n\n\n\n#uc_post_carousel_elementor_307e7a4 .ue-meta-data{  \n  display:flex !important;\n  flex-wrap: wrap;\n  line-height:1em;\n}\n\n#uc_post_carousel_elementor_307e7a4 .ue-grid-item-meta-data{\n      display:inline-flex;\n      align-items:center;\n}\n\n.ue-grid-item-meta-data{\n  font-size:12px;\n}\n\n#uc_post_carousel_elementor_307e7a4 .ue-grid-item-meta-data-icon{\n  line-height:1em;\n}\n\n#uc_post_carousel_elementor_307e7a4 .ue-grid-item-meta-data-icon svg{\n  width:1em;\n  height:1em;\n}\n\n#uc_post_carousel_elementor_307e7a4 .ue-debug-meta{\n  padding:10px;\n  border:1px solid red;\n  position:relative;\n  line-height:1.5em;\n  font-size:11px;\n  width:100%;\n}\n\n\n\t#uc_post_carousel_elementor_307e7a4 .owl-stage        {\n            transition-timing-function: linear!important;\n        }\n\n#uc_post_carousel_elementor_307e7a4 .owl-nav .owl-prev.disabled,\n#uc_post_carousel_elementor_307e7a4 .owl-nav .owl-next.disabled {\n   display: none;\n}\n\n<\/style>\n\n<div class=\"uc_overlay_image_carousel\" id=\"uc_post_carousel_elementor_307e7a4-wrapper\">\n   <div class=\"uc_carousel owl-carousel owl-theme uc-items-wrapper\" data-custom-sethtml=\"true\"  data-id=\"\" id=\"uc_post_carousel_elementor_307e7a4\" >\n   \t\t<div class=\"uc_image_carousel_container_holder uc_carousel_item ue-item\">\n  \n    <div class=\"uc_image_carousel_placeholder\">\n        <a href=\"https:\/\/smilecenterturkey.com\/tr\/kozmetik-dis-hekimligi\/lami%cc%87nat-kaplamalar-turki%cc%87ye\/\" style=\"display:block;\">         \n            <img loading=\"lazy\" decoding=\"async\" src=\"https:\/\/smilecenterturkey.com\/wp-content\/uploads\/2025\/03\/teeth-whitening-turkey-treatment.webp\"  alt=\"laminate veneers Turkey \u2013 Treatment Overview\" width=\"900\" height=\"618\" title=\"Di\u015f Beyazlatma T\u00fcrkiye \u2013 Tedaviye Genel Bak\u0131\u015f\"> \n        \t\n        <div class=\"ue_pos_carousel_image_overlay\"><\/div>\n    <\/a>      <\/div>\n  \n  \n    <div class=\"uc_image_carousel_content\" >\n        <div>\n          \n                            \n          \n                   <a href=\"https:\/\/smilecenterturkey.com\/tr\/kozmetik-dis-hekimligi\/lami%cc%87nat-kaplamalar-turki%cc%87ye\/\">            <h2 class=\"uc_post_title\">Laminate Veneers in Turkey<\/h2>\n          <\/a>                   \n         \n         <div class=\"ue-meta-data\">\n                        \t\t\t            \n                                    \n            \n                        \n                        \n                       \n                      \n           \n             \n            \n          <\/div>          \n          \n                \n        <\/div>\n    \n          <\/div>\n    \n  \n    \n<\/div>\n<div class=\"uc_image_carousel_container_holder uc_carousel_item ue-item\">\n  \n    <div class=\"uc_image_carousel_placeholder\">\n        <a href=\"https:\/\/smilecenterturkey.com\/tr\/kozmetik-dis-hekimligi\/porselen-kaplamalar-turkiye\/\" style=\"display:block;\">         \n            <img loading=\"lazy\" decoding=\"async\" src=\"https:\/\/smilecenterturkey.com\/wp-content\/uploads\/2025\/05\/turkey-diastemy-768x576.webp\"  alt=\"Kaplama uygulayan bir di\u015f aleti ile aral\u0131kl\u0131 di\u015flerin yak\u0131n \u00e7ekimi\" width=\"768\" height=\"576\" title=\"Diastema Treatment\"> \n        \t\n        <div class=\"ue_pos_carousel_image_overlay\"><\/div>\n    <\/a>      <\/div>\n  \n  \n    <div class=\"uc_image_carousel_content\" >\n        <div>\n          \n                            \n          \n                   <a href=\"https:\/\/smilecenterturkey.com\/tr\/kozmetik-dis-hekimligi\/porselen-kaplamalar-turkiye\/\">            <h2 class=\"uc_post_title\">Porcelain Veneers in Turkey<\/h2>\n          <\/a>                   \n         \n         <div class=\"ue-meta-data\">\n                        \t\t\t            \n                                    \n            \n                        \n                        \n                       \n                      \n           \n             \n            \n          <\/div>          \n          \n                \n        <\/div>\n    \n          <\/div>\n    \n  \n    \n<\/div>\n<div class=\"uc_image_carousel_container_holder uc_carousel_item ue-item\">\n  \n    <div class=\"uc_image_carousel_placeholder\">\n        <a href=\"https:\/\/smilecenterturkey.com\/tr\/kozmetik-dis-hekimligi\/kompozit-yapistirma-turkiye\/\" style=\"display:block;\">         \n            <img loading=\"lazy\" decoding=\"async\" src=\"https:\/\/smilecenterturkey.com\/wp-content\/uploads\/2025\/03\/01J82WY3HPA7XTT35CRX9EQF5B.webp\"  alt=\"Hollywood G\u00fcl\u00fcmsemesi \u2013 T\u00fcrkiye&#039;de G\u00fcl\u00fcmseme Makyaj\u0131 Sonu\u00e7lar\u0131\" width=\"900\" height=\"600\" title=\"Hollywood G\u00fcl\u00fcmsemesi \u2013 T\u00fcrkiye&#039;de G\u00fcl\u00fcmseme Makyaj\u0131 Sonu\u00e7lar\u0131\"> \n        \t\n        <div class=\"ue_pos_carousel_image_overlay\"><\/div>\n    <\/a>      <\/div>\n  \n  \n    <div class=\"uc_image_carousel_content\" >\n        <div>\n          \n                            \n          \n                   <a href=\"https:\/\/smilecenterturkey.com\/tr\/kozmetik-dis-hekimligi\/kompozit-yapistirma-turkiye\/\">            <h2 class=\"uc_post_title\">Kompozit Yap\u0131\u015ft\u0131rma<\/h2>\n          <\/a>                   \n         \n         <div class=\"ue-meta-data\">\n                        \t\t\t            \n                                    \n            \n                        \n                        \n                       \n                      \n           \n             \n            \n          <\/div>          \n          \n                \n        <\/div>\n    \n          <\/div>\n    \n  \n    \n<\/div>\n<div class=\"uc_image_carousel_container_holder uc_carousel_item ue-item\">\n  \n    <div class=\"uc_image_carousel_placeholder\">\n        <a href=\"https:\/\/smilecenterturkey.com\/tr\/kozmetik-dis-hekimligi\/dis-beyazlatma-turkiye\/\" style=\"display:block;\">         \n            <img loading=\"lazy\" decoding=\"async\" src=\"https:\/\/smilecenterturkey.com\/wp-content\/uploads\/2025\/04\/teeth-whitening-before-after-smile-turkey.jpg.jpg\"  alt=\"Di\u015f beyazlatma \u00f6ncesi ve sonras\u0131, di\u015f renginde ve g\u00fcl\u00fcmseme esteti\u011finde g\u00f6zle g\u00f6r\u00fcl\u00fcr bir iyile\u015fme g\u00f6stermektedir.\" width=\"1920\" height=\"1080\" title=\"Di\u015f Beyazlatma \u00d6ncesi ve Sonras\u0131 \u2013 T\u00fcrkiye&#039;de G\u00fcl\u00fcmseme Makyaj\u0131\"> \n        \t\n        <div class=\"ue_pos_carousel_image_overlay\"><\/div>\n    <\/a>      <\/div>\n  \n  \n    <div class=\"uc_image_carousel_content\" >\n        <div>\n          \n                            \n          \n                   <a href=\"https:\/\/smilecenterturkey.com\/tr\/kozmetik-dis-hekimligi\/dis-beyazlatma-turkiye\/\">            <h2 class=\"uc_post_title\">Di\u015f Beyazlatma<\/h2>\n          <\/a>                   \n         \n         <div class=\"ue-meta-data\">\n                        \t\t\t            \n                                    \n            \n                        \n                        \n                       \n                      \n           \n             \n            \n          <\/div>          \n          \n                \n        <\/div>\n    \n          <\/div>\n    \n  \n    \n<\/div>\n<div class=\"uc_image_carousel_container_holder uc_carousel_item ue-item\">\n  \n    <div class=\"uc_image_carousel_placeholder\">\n        <a href=\"https:\/\/smilecenterturkey.com\/tr\/kozmetik-dis-hekimligi\/hollywood-gulumseme-turkiye\/\" style=\"display:block;\">         \n            <img loading=\"lazy\" decoding=\"async\" src=\"https:\/\/smilecenterturkey.com\/wp-content\/uploads\/2025\/03\/01J82WY3HPA7XTT35CRX9EQF5B.webp\"  alt=\"Hollywood G\u00fcl\u00fcmsemesi \u2013 T\u00fcrkiye&#039;de G\u00fcl\u00fcmseme Makyaj\u0131 Sonu\u00e7lar\u0131\" width=\"900\" height=\"600\" title=\"Hollywood G\u00fcl\u00fcmsemesi \u2013 T\u00fcrkiye&#039;de G\u00fcl\u00fcmseme Makyaj\u0131 Sonu\u00e7lar\u0131\"> \n        \t\n        <div class=\"ue_pos_carousel_image_overlay\"><\/div>\n    <\/a>      <\/div>\n  \n  \n    <div class=\"uc_image_carousel_content\" >\n        <div>\n          \n                            \n          \n                   <a href=\"https:\/\/smilecenterturkey.com\/tr\/kozmetik-dis-hekimligi\/hollywood-gulumseme-turkiye\/\">            <h2 class=\"uc_post_title\">Hollywood G\u00fcl\u00fcmsemesi T\u00fcrkiye<\/h2>\n          <\/a>                   \n         \n         <div class=\"ue-meta-data\">\n                        \t\t\t            \n                                    \n            \n                        \n                        \n                       \n                      \n           \n             \n            \n          <\/div>          \n          \n                \n        <\/div>\n    \n          <\/div>\n    \n  \n    \n<\/div>\n\n   <\/div>\t\n<\/div>\n\n\n<!-- end Post Carousel -->\t\t\t\t<\/div>\n\t\t\t\t<\/div>\n\t\t\t\t\t<\/div>\n\t\t\t\t<\/div>\n\t\t\t\t\t<\/div>\n\t\t<\/div>\n\t\t\t\t\t<\/div>\n\t\t<\/section>\n\t\t\t\t<\/div>","protected":false},"excerpt":{"rendered":"<p>Cosmetic Dentistry Smile Center Turkey Cosmetic Dentistry Turkey Laminate Veneers Turkey Porcelain Veneers Turkey \u200b Composite Bonding Turkey Teeth Whitening [&hellip;]<\/p>\n","protected":false},"author":1,"featured_media":0,"parent":0,"menu_order":0,"comment_status":"closed","ping_status":"closed","template":"","meta":{"site-sidebar-layout":"no-sidebar","site-content-layout":"","ast-site-content-layout":"full-width-container","site-content-style":"default","site-sidebar-style":"default","ast-global-header-display":"","ast-banner-title-visibility":"","ast-main-header-display":"","ast-hfb-above-header-display":"","ast-hfb-below-header-display":"","ast-hfb-mobile-header-display":"","site-post-title":"disabled","ast-breadcrumbs-content":"","ast-featured-img":"disabled","footer-sml-layout":"","ast-disable-related-posts":"","theme-transparent-header-meta":"default","adv-header-id-meta":"","stick-header-meta":"","header-above-stick-meta":"","header-main-stick-meta":"","header-below-stick-meta":"","astra-migrate-meta-layouts":"set","ast-page-background-enabled":"default","ast-page-background-meta":{"desktop":{"background-color":"var(--ast-global-color-5)","background-image":"","background-repeat":"repeat","background-position":"center center","background-size":"auto","background-attachment":"scroll","background-type":"","background-media":"","overlay-type":"","overlay-color":"","overlay-opacity":"","overlay-gradient":""},"tablet":{"background-color":"","background-image":"","background-repeat":"repeat","background-position":"center center","background-size":"auto","background-attachment":"scroll","background-type":"","background-media":"","overlay-type":"","overlay-color":"","overlay-opacity":"","overlay-gradient":""},"mobile":{"background-color":"","background-image":"","background-repeat":"repeat","background-position":"center center","background-size":"auto","background-attachment":"scroll","background-type":"","background-media":"","overlay-type":"","overlay-color":"","overlay-opacity":"","overlay-gradient":""}},"ast-content-background-meta":{"desktop":{"background-color":"var(--ast-global-color-4)","background-image":"","background-repeat":"repeat","background-position":"center center","background-size":"auto","background-attachment":"scroll","background-type":"","background-media":"","overlay-type":"","overlay-color":"","overlay-opacity":"","overlay-gradient":""},"tablet":{"background-color":"var(--ast-global-color-4)","background-image":"","background-repeat":"repeat","background-position":"center center","background-size":"auto","background-attachment":"scroll","background-type":"","background-media":"","overlay-type":"","overlay-color":"","overlay-opacity":"","overlay-gradient":""},"mobile":{"background-color":"var(--ast-global-color-4)","background-image":"","background-repeat":"repeat","background-position":"center center","background-size":"auto","background-attachment":"scroll","background-type":"","background-media":"","overlay-type":"","overlay-color":"","overlay-opacity":"","overlay-gradient":""}},"footnotes":""},"tags":[],"class_list":["post-2174","page","type-page","status-publish","hentry"],"_links":{"self":[{"href":"https:\/\/smilecenterturkey.com\/tr\/wp-json\/wp\/v2\/pages\/2174","targetHints":{"allow":["GET"]}}],"collection":[{"href":"https:\/\/smilecenterturkey.com\/tr\/wp-json\/wp\/v2\/pages"}],"about":[{"href":"https:\/\/smilecenterturkey.com\/tr\/wp-json\/wp\/v2\/types\/page"}],"author":[{"embeddable":true,"href":"https:\/\/smilecenterturkey.com\/tr\/wp-json\/wp\/v2\/users\/1"}],"replies":[{"embeddable":true,"href":"https:\/\/smilecenterturkey.com\/tr\/wp-json\/wp\/v2\/comments?post=2174"}],"version-history":[{"count":6,"href":"https:\/\/smilecenterturkey.com\/tr\/wp-json\/wp\/v2\/pages\/2174\/revisions"}],"predecessor-version":[{"id":8202,"href":"https:\/\/smilecenterturkey.com\/tr\/wp-json\/wp\/v2\/pages\/2174\/revisions\/8202"}],"wp:attachment":[{"href":"https:\/\/smilecenterturkey.com\/tr\/wp-json\/wp\/v2\/media?parent=2174"}],"wp:term":[{"taxonomy":"post_tag","embeddable":true,"href":"https:\/\/smilecenterturkey.com\/tr\/wp-json\/wp\/v2\/tags?post=2174"}],"curies":[{"name":"wp","href":"https:\/\/api.w.org\/{rel}","templated":true}]}}