{"id":2252,"date":"2025-03-26T14:46:10","date_gmt":"2025-03-26T14:46:10","guid":{"rendered":"https:\/\/smilecenterturkey.com\/?page_id=2252"},"modified":"2026-03-23T14:23:10","modified_gmt":"2026-03-23T14:23:10","slug":"restorati%cc%87f-di%cc%87s-heki%cc%87mli%cc%87gi%cc%87","status":"publish","type":"page","link":"https:\/\/smilecenterturkey.com\/tr\/restorati%cc%87f-di%cc%87s-heki%cc%87mli%cc%87gi%cc%87\/","title":{"rendered":"Restoratif Di\u015f Hekimli\u011fi"},"content":{"rendered":"<div data-elementor-type=\"wp-page\" data-elementor-id=\"2252\" class=\"elementor elementor-2252\" data-elementor-post-type=\"page\">\n\t\t\t\t<div class=\"elementor-element elementor-element-500fdc2 e-flex e-con-boxed e-con e-parent\" data-id=\"500fdc2\" data-element_type=\"container\" data-e-type=\"container\" data-settings=\"{&quot;background_background&quot;:&quot;classic&quot;}\">\n\t\t\t\t\t<div class=\"e-con-inner\">\n\t\t<div class=\"elementor-element elementor-element-72322f1c e-con-full e-flex e-con e-child\" data-id=\"72322f1c\" data-element_type=\"container\" data-e-type=\"container\">\n\t\t\t\t<div class=\"elementor-element elementor-element-3124af6 elementor-widget__width-auto elementor-widget elementor-widget-html\" data-id=\"3124af6\" data-element_type=\"widget\" data-e-type=\"widget\" data-widget_type=\"html.default\">\n\t\t\t\t\t<svg width=\"30\" height=\"33\" viewbox=\"0 0 30 33\" fill=\"none\" xmlns=\"http:\/\/www.w3.org\/2000\/svg\">\n                    <path fill-rule=\"evenodd\" clip-rule=\"evenodd\" d=\"M14.9598 0.55499C12.9042 13.5398 0 17.2086 0 17.2086C4.72563 17.2086 14.0018 21.9193 14.9598 30.6203V32.0982C14.9598 31.7427 14.9734 31.3932 15 31.0497C15.0266 31.3932 15.0402 31.7427 15.0402 32.0982V30.6203C15.9982 21.9193 25.2744 17.2086 30 17.2086C30 17.2086 17.0958 13.5398 15.0402 0.55499V0C15.0274 0.0972397 15.014 0.193973 15 0.290203C14.986 0.193973 14.9726 0.0972397 14.9598 0V0.55499Z\" fill=\"#fff\"><\/path>\n                <\/svg>\t\t\t\t<\/div>\n\t\t\t\t<div class=\"elementor-element elementor-element-6c357bce elementor-widget elementor-widget-heading\" data-id=\"6c357bce\" data-element_type=\"widget\" data-e-type=\"widget\" data-widget_type=\"heading.default\">\n\t\t\t\t\t<h1 class=\"elementor-heading-title elementor-size-default\">Restoratif Di\u015f Hekimli\u011fi<\/h1>\t\t\t\t<\/div>\n\t\t\t\t<div class=\"elementor-element elementor-element-3734d310 elementor-widget-divider--view-line_text elementor-widget-divider--element-align-center elementor-widget elementor-widget-divider\" data-id=\"3734d310\" data-element_type=\"widget\" data-e-type=\"widget\" data-widget_type=\"divider.default\">\n\t\t\t\t\t\t\t<div class=\"elementor-divider\">\n\t\t\t<span class=\"elementor-divider-separator\">\n\t\t\t\t\t\t\t<h6 class=\"elementor-divider__text elementor-divider__element\">\n\t\t\t\tSmile Center Turkey\t\t\t\t<\/h6>\n\t\t\t\t\t\t<\/span>\n\t\t<\/div>\n\t\t\t\t\t\t<\/div>\n\t\t\t\t<\/div>\n\t\t\t\t\t<\/div>\n\t\t\t\t<\/div>\n\t\t\t\t<section class=\"elementor-section elementor-top-section elementor-element elementor-element-62990fa7 elementor-section-boxed elementor-section-height-default elementor-section-height-default\" data-id=\"62990fa7\" data-element_type=\"section\" data-e-type=\"section\" data-settings=\"{&quot;background_background&quot;:&quot;classic&quot;}\">\n\t\t\t\t\t\t<div class=\"elementor-container elementor-column-gap-default\">\n\t\t\t\t\t<div class=\"elementor-column elementor-col-100 elementor-top-column elementor-element elementor-element-3b0a443\" data-id=\"3b0a443\" data-element_type=\"column\" data-e-type=\"column\">\n\t\t\t<div class=\"elementor-widget-wrap elementor-element-populated\">\n\t\t\t\t\t\t<div class=\"elementor-element elementor-element-44d6f990 elementor-widget elementor-widget-heading\" data-id=\"44d6f990\" data-element_type=\"widget\" data-e-type=\"widget\" data-widget_type=\"heading.default\">\n\t\t\t\t\t<h2 class=\"elementor-heading-title elementor-size-default\">Restoratif Di\u015f Hekimli\u011fi T\u00fcrkiye<\/h2>\t\t\t\t<\/div>\n\t\t<div class=\"elementor-element elementor-element-3428d8a5 e-flex e-con-boxed e-con e-parent\" data-id=\"3428d8a5\" data-element_type=\"container\" data-e-type=\"container\">\n\t\t\t\t\t<div class=\"e-con-inner\">\n\t\t\t\t<div class=\"elementor-element elementor-element-4691ecbd elementor-widget elementor-widget-ucaddon_post_carousel\" data-id=\"4691ecbd\" data-element_type=\"widget\" data-e-type=\"widget\" data-widget_type=\"ucaddon_post_carousel.default\">\n\t\t\t\t<div class=\"elementor-widget-container\">\n\t\t\t\t\t\n<!-- start Post Carousel -->\n\t\t<link id='font-awesome-css' href='https:\/\/smilecenterturkey.com\/wp-content\/plugins\/unlimited-elements-for-elementor\/assets_libraries\/font-awesome6\/fontawesome-all.min.css' type='text\/css' rel='stylesheet' >\n\t\t<link id='font-awesome-4-shim-css' href='https:\/\/smilecenterturkey.com\/wp-content\/plugins\/unlimited-elements-for-elementor\/assets_libraries\/font-awesome6\/fontawesome-v4-shims.min.css' type='text\/css' rel='stylesheet' >\n\t\t<link id='owl-carousel-css' href='https:\/\/smilecenterturkey.com\/wp-content\/plugins\/unlimited-elements-for-elementor\/assets_libraries\/owl-carousel-new\/assets\/owl.carousel.css' type='text\/css' rel='stylesheet' >\n\t\t<link id='lity-css' href='https:\/\/smilecenterturkey.com\/wp-content\/plugins\/unlimited-elements-for-elementor\/assets_libraries\/lity\/lity.min.css' type='text\/css' rel='stylesheet' >\n\n<style>\/* widget: Post Carousel *\/\n\n#uc_post_carousel_elementor_4691ecbd-wrapper{\n  min-height:1px;\n}\n\n#uc_post_carousel_elementor_4691ecbd *{\n  box-sizing:border-box;\n}\n\n#uc_post_carousel_elementor_4691ecbd .ue-grid-item-category a{\n  white-space: nowrap;\n}\n\n\n#uc_post_carousel_elementor_4691ecbd{\n  position:relative;\n}\n\n.uc_post_title{\n  font-size:21px;\n}\n\n#uc_post_carousel_elementor_4691ecbd .ue-item{\n  transition:0.3s;\n  position:relative;\n}\n\n#uc_post_carousel_elementor_4691ecbd .uc_image_carousel_placeholder{\n  position:relative;\n}\n\n#uc_post_carousel_elementor_4691ecbd .ue_pos_carousel_image_overlay{\n  position:absolute;\n  top:0;\n  bottom:0;\n  left:0;\n  right:0;\n  transition:0.3s;\n}\n\n#uc_post_carousel_elementor_4691ecbd .owl-stage{\n  display:flex;\n}\n\n#uc_post_carousel_elementor_4691ecbd .uc_image_carousel_container_holder{\n  display: flex;\n  flex-direction: column;\n  height: 100%;\n}\n\n#uc_post_carousel_elementor_4691ecbd .uc_image_carousel_content{\n  flex-grow: 1;\n  }\n\n\n#uc_post_carousel_elementor_4691ecbd .uc_carousel_item{\n  overflow:hidden;\n}\n\n#uc_post_carousel_elementor_4691ecbd .owl-nav .owl-prev{\n    position:absolute;\n    display:inline-block;\n    text-align:center;  \t\n    \t\n\n}\n#uc_post_carousel_elementor_4691ecbd .owl-nav .owl-next{\n  position:absolute;\n  display:inline-block;\n  text-align:center;\n  \t\n}\n\n\n#uc_post_carousel_elementor_4691ecbd .owl-dots {\n  overflow:hidden;\n  display:flex !important;\n}\n\n#uc_post_carousel_elementor_4691ecbd .owl-dot {\n  border-radius:50%;\n  display:inline-block;\n  padding: 0;\n}\n\n#uc_post_carousel_elementor_4691ecbd .uc_more_btn{\n  display:inline-block;\n  text-align:center;\n  text-decoration:none;\n}  \n\n#uc_post_carousel_elementor_4691ecbd .uc_more_btn svg{\n  width:1em;\n  height:1em;\n}\n\n#uc_post_carousel_elementor_4691ecbd .uc_image_carousel_placeholder{\n  overflow:hidden;\n}\n#uc_post_carousel_elementor_4691ecbd .uc_image_carousel_placeholder img{\n  display:block;\n  width:100%;\n}\n\n#uc_post_carousel_elementor_4691ecbd .uc_image_carousel_content {\n  display:flex;\n  flex-direction:column;\n}\n\n\t\n\n\n\n\n\n\n\n\n\n#uc_post_carousel_elementor_4691ecbd .ue-meta-data{  \n  display:flex !important;\n  flex-wrap: wrap;\n  line-height:1em;\n}\n\n#uc_post_carousel_elementor_4691ecbd .ue-grid-item-meta-data{\n      display:inline-flex;\n      align-items:center;\n}\n\n.ue-grid-item-meta-data{\n  font-size:12px;\n}\n\n#uc_post_carousel_elementor_4691ecbd .ue-grid-item-meta-data-icon{\n  line-height:1em;\n}\n\n#uc_post_carousel_elementor_4691ecbd .ue-grid-item-meta-data-icon svg{\n  width:1em;\n  height:1em;\n}\n\n#uc_post_carousel_elementor_4691ecbd .ue-debug-meta{\n  padding:10px;\n  border:1px solid red;\n  position:relative;\n  line-height:1.5em;\n  font-size:11px;\n  width:100%;\n}\n\n\n\t#uc_post_carousel_elementor_4691ecbd .owl-stage        {\n            transition-timing-function: linear!important;\n        }\n\n#uc_post_carousel_elementor_4691ecbd .owl-nav .owl-prev.disabled,\n#uc_post_carousel_elementor_4691ecbd .owl-nav .owl-next.disabled {\n   display: none;\n}\n\n<\/style>\n\n<div class=\"uc_overlay_image_carousel\" id=\"uc_post_carousel_elementor_4691ecbd-wrapper\">\n   <div class=\"uc_carousel owl-carousel owl-theme uc-items-wrapper\" data-custom-sethtml=\"true\"  data-id=\"\" id=\"uc_post_carousel_elementor_4691ecbd\" >\n   \t\t<div class=\"uc_image_carousel_container_holder uc_carousel_item ue-item\">\n  \n    <div class=\"uc_image_carousel_placeholder\">\n        <a href=\"https:\/\/smilecenterturkey.com\/tr\/dis-tedavileri\/all-on-6-di%cc%87s-i%cc%87mplantlari-turki%cc%87ye\/\" style=\"display:block;\">         \n            <img loading=\"lazy\" decoding=\"async\" src=\"https:\/\/smilecenterturkey.com\/wp-content\/uploads\/2025\/03\/All-on-6-Dental-Implants-Turkey.webp\"  alt=\"All-on-6 Dental Implants \u2013 Before &amp; After\" width=\"1308\" height=\"1010\" title=\"All on 6 Di\u015f \u0130mplantlar\u0131 \u2013 \u00d6ncesi ve Sonras\u0131\"> \n        \t\n        <div class=\"ue_pos_carousel_image_overlay\"><\/div>\n    <\/a>      <\/div>\n  \n  \n    <div class=\"uc_image_carousel_content\" >\n        <div>\n          \n                            \n          \n                   <a href=\"https:\/\/smilecenterturkey.com\/tr\/dis-tedavileri\/all-on-6-di%cc%87s-i%cc%87mplantlari-turki%cc%87ye\/\">            <h2 class=\"uc_post_title\">All on 6 Di\u015f \u0130mplantlar\u0131<\/h2>\n          <\/a>                   \n         \n         <div class=\"ue-meta-data\">\n                        \t\t\t            \n                                    \n            \n                        \n                        \n                       \n                      \n           \n             \n            \n          <\/div>          \n          \n                \n        <\/div>\n    \n          <\/div>\n    \n  \n    \n<\/div>\n<div class=\"uc_image_carousel_container_holder uc_carousel_item ue-item\">\n  \n    <div class=\"uc_image_carousel_placeholder\">\n        <a href=\"https:\/\/smilecenterturkey.com\/tr\/dis-tedavileri\/all-on-4-dis-implantlari-turkiye\/\" style=\"display:block;\">         \n            <img loading=\"lazy\" decoding=\"async\" src=\"https:\/\/smilecenterturkey.com\/wp-content\/uploads\/2026\/03\/all-on-4-turkey-1-768x541.webp\"  alt=\"All-on-4 dental implants illustration\" width=\"768\" height=\"541\" title=\"all-on-4-turkey\"> \n        \t\n        <div class=\"ue_pos_carousel_image_overlay\"><\/div>\n    <\/a>      <\/div>\n  \n  \n    <div class=\"uc_image_carousel_content\" >\n        <div>\n          \n                            \n          \n                   <a href=\"https:\/\/smilecenterturkey.com\/tr\/dis-tedavileri\/all-on-4-dis-implantlari-turkiye\/\">            <h2 class=\"uc_post_title\">All on 4 Di\u015f \u0130mplantlar\u0131<\/h2>\n          <\/a>                   \n         \n         <div class=\"ue-meta-data\">\n                        \t\t\t            \n                                    \n            \n                        \n                        \n                       \n                      \n           \n             \n            \n          <\/div>          \n          \n                \n        <\/div>\n    \n          <\/div>\n    \n  \n    \n<\/div>\n<div class=\"uc_image_carousel_container_holder uc_carousel_item ue-item\">\n  \n    <div class=\"uc_image_carousel_placeholder\">\n        <a href=\"https:\/\/smilecenterturkey.com\/tr\/dis-tedavileri\/zi%cc%87rkon-kron-turki%cc%87ye\/\" style=\"display:block;\">         \n            <img loading=\"lazy\" decoding=\"async\" src=\"https:\/\/smilecenterturkey.com\/wp-content\/uploads\/2026\/03\/dental-crowns-turkey-768x444.webp\"  alt=\"Dental crowns in Antalya, Turkey at Smile Center Turkey dental clinic (zirconia crowns, cosmetic dentistry)\" width=\"768\" height=\"444\" title=\"Dental Crowns Turkey - Smile Center Turkey Antalya dental clinic\"> \n        \t\n        <div class=\"ue_pos_carousel_image_overlay\"><\/div>\n    <\/a>      <\/div>\n  \n  \n    <div class=\"uc_image_carousel_content\" >\n        <div>\n          \n                            \n          \n                   <a href=\"https:\/\/smilecenterturkey.com\/tr\/dis-tedavileri\/zi%cc%87rkon-kron-turki%cc%87ye\/\">            <h2 class=\"uc_post_title\">Zirconia Crown in Turkey<\/h2>\n          <\/a>                   \n         \n         <div class=\"ue-meta-data\">\n                        \t\t\t            \n                                    \n            \n                        \n                        \n                       \n                      \n           \n             \n            \n          <\/div>          \n          \n                \n        <\/div>\n    \n          <\/div>\n    \n  \n    \n<\/div>\n<div class=\"uc_image_carousel_container_holder uc_carousel_item ue-item\">\n  \n    <div class=\"uc_image_carousel_placeholder\">\n        <a href=\"https:\/\/smilecenterturkey.com\/tr\/dis-tedavileri\/turki%cc%87ye-di%cc%87s-i%cc%87mplantlari\/\" style=\"display:block;\">         \n            <img loading=\"lazy\" decoding=\"async\" src=\"https:\/\/smilecenterturkey.com\/wp-content\/uploads\/2025\/03\/dental-implants-turkey.webp\"  alt=\"Di\u015f \u0130mplantlar\u0131 T\u00fcrkiye \u2013 \u00d6ncesi ve Sonras\u0131\" width=\"1254\" height=\"1054\" title=\"Di\u015f \u0130mplantlar\u0131 T\u00fcrkiye \u2013 \u00d6ncesi ve Sonras\u0131\"> \n        \t\n        <div class=\"ue_pos_carousel_image_overlay\"><\/div>\n    <\/a>      <\/div>\n  \n  \n    <div class=\"uc_image_carousel_content\" >\n        <div>\n          \n                            \n          \n                   <a href=\"https:\/\/smilecenterturkey.com\/tr\/dis-tedavileri\/turki%cc%87ye-di%cc%87s-i%cc%87mplantlari\/\">            <h2 class=\"uc_post_title\">Di\u015f \u0130mplantlar\u0131<\/h2>\n          <\/a>                   \n         \n         <div class=\"ue-meta-data\">\n                        \t\t\t            \n                                    \n            \n                        \n                        \n                       \n                      \n           \n             \n            \n          <\/div>          \n          \n                \n        <\/div>\n    \n          <\/div>\n    \n  \n    \n<\/div>\n<div class=\"uc_image_carousel_container_holder uc_carousel_item ue-item\">\n  \n    <div class=\"uc_image_carousel_placeholder\">\n        <a href=\"https:\/\/smilecenterturkey.com\/tr\/dis-tedavileri\/zikomatik-dis-implantlari-turkiye\/\" style=\"display:block;\">         \n            <img loading=\"lazy\" decoding=\"async\" src=\"https:\/\/smilecenterturkey.com\/wp-content\/uploads\/2025\/04\/zygomatic-dental-implants-turkey-procedure-closeup.jpg\"  alt=\"T\u00fcrkiye&#039;de di\u015f kronu yerle\u015ftirilmesini g\u00f6steren zigomatik di\u015f implant\u0131 prosed\u00fcr\u00fcn\u00fcn yak\u0131n \u00e7ekimi\" width=\"1920\" height=\"1080\" title=\"T\u00fcrkiye&#039;de Geli\u015fmi\u015f Zigomatik Di\u015f \u0130mplantlar\u0131 \u2013 G\u00fcvenle Tekrar G\u00fcl\u00fcmsemeye Ba\u015flay\u0131n!\"> \n        \t\n        <div class=\"ue_pos_carousel_image_overlay\"><\/div>\n    <\/a>      <\/div>\n  \n  \n    <div class=\"uc_image_carousel_content\" >\n        <div>\n          \n                            \n          \n                   <a href=\"https:\/\/smilecenterturkey.com\/tr\/dis-tedavileri\/zikomatik-dis-implantlari-turkiye\/\">            <h2 class=\"uc_post_title\">Zygomatic Dental Implants in Turkey<\/h2>\n          <\/a>                   \n         \n         <div class=\"ue-meta-data\">\n                        \t\t\t            \n                                    \n            \n                        \n                        \n                       \n                      \n           \n             \n            \n          <\/div>          \n          \n                \n        <\/div>\n    \n          <\/div>\n    \n  \n    \n<\/div>\n<div class=\"uc_image_carousel_container_holder uc_carousel_item ue-item\">\n  \n    <div class=\"uc_image_carousel_placeholder\">\n        <a href=\"https:\/\/smilecenterturkey.com\/tr\/dis-tedavileri\/di%cc%87s-kopruleri%cc%87-turki%cc%87ye\/\" style=\"display:block;\">         \n            <img loading=\"lazy\" decoding=\"async\" src=\"https:\/\/smilecenterturkey.com\/wp-content\/uploads\/2025\/04\/straumann-conventional-3-unit-br-1-768x432.jpg\"  alt=\"\u0130ki do\u011fal di\u015f taraf\u0131ndan desteklenen geleneksel 3 \u00fcniteli di\u015f k\u00f6pr\u00fcs\u00fcn\u00fc g\u00f6steren 3D ill\u00fcstrasyon\" width=\"768\" height=\"432\" title=\"Geleneksel 3 \u00dcniteli Di\u015f K\u00f6pr\u00fcs\u00fc | Straumann Sistemi\"> \n        \t\n        <div class=\"ue_pos_carousel_image_overlay\"><\/div>\n    <\/a>      <\/div>\n  \n  \n    <div class=\"uc_image_carousel_content\" >\n        <div>\n          \n                            \n          \n                   <a href=\"https:\/\/smilecenterturkey.com\/tr\/dis-tedavileri\/di%cc%87s-kopruleri%cc%87-turki%cc%87ye\/\">            <h2 class=\"uc_post_title\">Di\u015f K\u00f6pr\u00fcleri<\/h2>\n          <\/a>                   \n         \n         <div class=\"ue-meta-data\">\n                        \t\t\t            \n                                    \n            \n                        \n                        \n                       \n                      \n           \n             \n            \n          <\/div>          \n          \n                \n        <\/div>\n    \n          <\/div>\n    \n  \n    \n<\/div>\n<div class=\"uc_image_carousel_container_holder uc_carousel_item ue-item\">\n  \n    <div class=\"uc_image_carousel_placeholder\">\n        <a href=\"https:\/\/smilecenterturkey.com\/tr\/dis-tedavileri\/dis-dolgulari-turkiye\/\" style=\"display:block;\">         \n            <img loading=\"lazy\" decoding=\"async\" src=\"https:\/\/smilecenterturkey.com\/wp-content\/uploads\/2025\/04\/dental-fillings-treatment-turkey-cost-before-after.jpg\"  alt=\"T\u00fcrkiye&#039;deki bir klinikte kompozit di\u015f dolgusu yap\u0131lan bir hastan\u0131n yak\u0131n \u00e7ekimi\" width=\"1920\" height=\"1080\" title=\"T\u00fcrkiye&#039;de Uygun Fiyatl\u0131 Di\u015f Dolgular\u0131 \u2013 H\u0131zl\u0131 ve Do\u011fal Sonu\u00e7lar\"> \n        \t\n        <div class=\"ue_pos_carousel_image_overlay\"><\/div>\n    <\/a>      <\/div>\n  \n  \n    <div class=\"uc_image_carousel_content\" >\n        <div>\n          \n                            \n          \n                   <a href=\"https:\/\/smilecenterturkey.com\/tr\/dis-tedavileri\/dis-dolgulari-turkiye\/\">            <h2 class=\"uc_post_title\">Di\u015f Dolgular\u0131<\/h2>\n          <\/a>                   \n         \n         <div class=\"ue-meta-data\">\n                        \t\t\t            \n                                    \n            \n                        \n                        \n                       \n                      \n           \n             \n            \n          <\/div>          \n          \n                \n        <\/div>\n    \n          <\/div>\n    \n  \n    \n<\/div>\n<div class=\"uc_image_carousel_container_holder uc_carousel_item ue-item\">\n  \n    <div class=\"uc_image_carousel_placeholder\">\n        <a href=\"https:\/\/smilecenterturkey.com\/tr\/dis-tedavileri\/kanal-tedavi%cc%87si%cc%87-turki%cc%87ye\/\" style=\"display:block;\">         \n            <img loading=\"lazy\" decoding=\"async\" src=\"https:\/\/smilecenterturkey.com\/wp-content\/uploads\/2025\/04\/Root-Canal-Treatment.jpg\"  alt=\"Smile Center T\u00fcrkiye&#039;de k\u00f6k kanal tedavisi g\u00f6ren kad\u0131n hasta\" width=\"1800\" height=\"1200\" title=\"K\u00f6k Kanal Tedavisi \u2013 Smile Center T\u00fcrkiye\"> \n        \t\n        <div class=\"ue_pos_carousel_image_overlay\"><\/div>\n    <\/a>      <\/div>\n  \n  \n    <div class=\"uc_image_carousel_content\" >\n        <div>\n          \n                            \n          \n                   <a href=\"https:\/\/smilecenterturkey.com\/tr\/dis-tedavileri\/kanal-tedavi%cc%87si%cc%87-turki%cc%87ye\/\">            <h2 class=\"uc_post_title\">K\u00f6k Kanal Tedavisi<\/h2>\n          <\/a>                   \n         \n         <div class=\"ue-meta-data\">\n                        \t\t\t            \n                                    \n            \n                        \n                        \n                       \n                      \n           \n             \n            \n          <\/div>          \n          \n                \n        <\/div>\n    \n          <\/div>\n    \n  \n    \n<\/div>\n\n   <\/div>\t\n<\/div>\n\n\n<!-- end Post Carousel -->\t\t\t\t<\/div>\n\t\t\t\t<\/div>\n\t\t\t\t\t<\/div>\n\t\t\t\t<\/div>\n\t\t\t\t\t<\/div>\n\t\t<\/div>\n\t\t\t\t\t<\/div>\n\t\t<\/section>\n\t\t\t\t<\/div>","protected":false},"excerpt":{"rendered":"<p>Restorative Dentistry Smile Center Turkey Restorative Dentistry Turkey All on 6 Dental Implants Turkey All on 4 Dental Implants Turkey [&hellip;]<\/p>\n","protected":false},"author":1,"featured_media":0,"parent":0,"menu_order":0,"comment_status":"closed","ping_status":"closed","template":"","meta":{"site-sidebar-layout":"no-sidebar","site-content-layout":"","ast-site-content-layout":"full-width-container","site-content-style":"default","site-sidebar-style":"default","ast-global-header-display":"","ast-banner-title-visibility":"","ast-main-header-display":"","ast-hfb-above-header-display":"","ast-hfb-below-header-display":"","ast-hfb-mobile-header-display":"","site-post-title":"disabled","ast-breadcrumbs-content":"","ast-featured-img":"disabled","footer-sml-layout":"","ast-disable-related-posts":"","theme-transparent-header-meta":"default","adv-header-id-meta":"","stick-header-meta":"","header-above-stick-meta":"","header-main-stick-meta":"","header-below-stick-meta":"","astra-migrate-meta-layouts":"set","ast-page-background-enabled":"default","ast-page-background-meta":{"desktop":{"background-color":"var(--ast-global-color-5)","background-image":"","background-repeat":"repeat","background-position":"center center","background-size":"auto","background-attachment":"scroll","background-type":"","background-media":"","overlay-type":"","overlay-color":"","overlay-opacity":"","overlay-gradient":""},"tablet":{"background-color":"","background-image":"","background-repeat":"repeat","background-position":"center center","background-size":"auto","background-attachment":"scroll","background-type":"","background-media":"","overlay-type":"","overlay-color":"","overlay-opacity":"","overlay-gradient":""},"mobile":{"background-color":"","background-image":"","background-repeat":"repeat","background-position":"center center","background-size":"auto","background-attachment":"scroll","background-type":"","background-media":"","overlay-type":"","overlay-color":"","overlay-opacity":"","overlay-gradient":""}},"ast-content-background-meta":{"desktop":{"background-color":"var(--ast-global-color-4)","background-image":"","background-repeat":"repeat","background-position":"center center","background-size":"auto","background-attachment":"scroll","background-type":"","background-media":"","overlay-type":"","overlay-color":"","overlay-opacity":"","overlay-gradient":""},"tablet":{"background-color":"var(--ast-global-color-4)","background-image":"","background-repeat":"repeat","background-position":"center center","background-size":"auto","background-attachment":"scroll","background-type":"","background-media":"","overlay-type":"","overlay-color":"","overlay-opacity":"","overlay-gradient":""},"mobile":{"background-color":"var(--ast-global-color-4)","background-image":"","background-repeat":"repeat","background-position":"center center","background-size":"auto","background-attachment":"scroll","background-type":"","background-media":"","overlay-type":"","overlay-color":"","overlay-opacity":"","overlay-gradient":""}},"footnotes":""},"tags":[],"class_list":["post-2252","page","type-page","status-publish","hentry"],"_links":{"self":[{"href":"https:\/\/smilecenterturkey.com\/tr\/wp-json\/wp\/v2\/pages\/2252","targetHints":{"allow":["GET"]}}],"collection":[{"href":"https:\/\/smilecenterturkey.com\/tr\/wp-json\/wp\/v2\/pages"}],"about":[{"href":"https:\/\/smilecenterturkey.com\/tr\/wp-json\/wp\/v2\/types\/page"}],"author":[{"embeddable":true,"href":"https:\/\/smilecenterturkey.com\/tr\/wp-json\/wp\/v2\/users\/1"}],"replies":[{"embeddable":true,"href":"https:\/\/smilecenterturkey.com\/tr\/wp-json\/wp\/v2\/comments?post=2252"}],"version-history":[{"count":4,"href":"https:\/\/smilecenterturkey.com\/tr\/wp-json\/wp\/v2\/pages\/2252\/revisions"}],"predecessor-version":[{"id":8727,"href":"https:\/\/smilecenterturkey.com\/tr\/wp-json\/wp\/v2\/pages\/2252\/revisions\/8727"}],"wp:attachment":[{"href":"https:\/\/smilecenterturkey.com\/tr\/wp-json\/wp\/v2\/media?parent=2252"}],"wp:term":[{"taxonomy":"post_tag","embeddable":true,"href":"https:\/\/smilecenterturkey.com\/tr\/wp-json\/wp\/v2\/tags?post=2252"}],"curies":[{"name":"wp","href":"https:\/\/api.w.org\/{rel}","templated":true}]}}